{"id":8335,"date":"2025-06-03T16:49:22","date_gmt":"2025-06-03T16:49:22","guid":{"rendered":"https:\/\/k-beautyci.com\/?post_type=product&#038;p=8335"},"modified":"2026-02-17T01:58:32","modified_gmt":"2026-02-17T01:58:32","slug":"bondi-sands-spf-50-sunscreen-mist-79ml","status":"publish","type":"product","link":"https:\/\/k-beautyci.com\/fr\/produit\/bondi-sands-spf-50-sunscreen-mist-79ml\/","title":{"rendered":"Bondi Sands SPF 50+ Sunscreen Mist 79ml"},"content":{"rendered":"<p>Comment l'utiliser :<\/p>\n<p>Bien agiter la bo\u00eete avant utilisation. Veillez \u00e0 vous trouver dans un endroit bien ventil\u00e9 pour \u00e9viter toute inhalation. Ne pas appliquer le produit en cas de vent.<\/p>\n<p>Tenir la bo\u00eete\u00e0 une distance de 10 \u00e0 15 cm du corps. Vaporiser g\u00e9n\u00e9reusement et uniform\u00e9ment jusqu'\u00e0 ce que le produit ait l'air mouill\u00e9 sur la peau. Ne pas vaporiser directement sur le visage, mais plut\u00f4t sur les mains, puis sur le visage.<\/p>\n<p>Renouveler l'application toutes les 2 heures ou plus souvent en cas de transpiration et apr\u00e8s avoir nag\u00e9, fait de l'exercice ou s'\u00eatre s\u00e9ch\u00e9 avec une serviette.<\/p>\n<p>Avertissement : Pour usage externe uniquement. Toujours effectuer un test \u00e9picutan\u00e9. Cessez d'utiliser le produit si vous ressentez une quelconque g\u00eane. Suivre les instructions suppl\u00e9mentaires figurant sur l'emballage. Les r\u00e9sultats individuels peuvent varier.<\/p>","protected":false},"excerpt":{"rendered":"<p>Profitez d'une journ\u00e9e ensoleill\u00e9e \u00e0 la mani\u00e8re de Bondi Sands avec notre brume solaire sans parfum SPF 50+. Offrant une protection contre les UVA et les UVB, cette formule douce \u00e0 absorption rapide s\u00e8che de mani\u00e8re invisible. Gr\u00e2ce \u00e0 la vitamine E, cette formule laisse la peau nourrie.<\/p>","protected":false},"featured_media":8336,"comment_status":"open","ping_status":"closed","template":"","meta":{"om_disable_all_campaigns":false},"product_brand":[],"product_cat":[245,77],"product_tag":[],"class_list":{"0":"post-8335","1":"product","2":"type-product","3":"status-publish","4":"has-post-thumbnail","6":"product_cat-bondi-sands","7":"product_cat-spf-50","9":"first","10":"instock","11":"shipping-taxable","12":"purchasable","13":"product-type-simple"},"aioseo_notices":[],"jetpack_sharing_enabled":true,"_links":{"self":[{"href":"https:\/\/k-beautyci.com\/fr\/wp-json\/wp\/v2\/product\/8335","targetHints":{"allow":["GET"]}}],"collection":[{"href":"https:\/\/k-beautyci.com\/fr\/wp-json\/wp\/v2\/product"}],"about":[{"href":"https:\/\/k-beautyci.com\/fr\/wp-json\/wp\/v2\/types\/product"}],"replies":[{"embeddable":true,"href":"https:\/\/k-beautyci.com\/fr\/wp-json\/wp\/v2\/comments?post=8335"}],"wp:featuredmedia":[{"embeddable":true,"href":"https:\/\/k-beautyci.com\/fr\/wp-json\/wp\/v2\/media\/8336"}],"wp:attachment":[{"href":"https:\/\/k-beautyci.com\/fr\/wp-json\/wp\/v2\/media?parent=8335"}],"wp:term":[{"taxonomy":"product_brand","embeddable":true,"href":"https:\/\/k-beautyci.com\/fr\/wp-json\/wp\/v2\/product_brand?post=8335"},{"taxonomy":"product_cat","embeddable":true,"href":"https:\/\/k-beautyci.com\/fr\/wp-json\/wp\/v2\/product_cat?post=8335"},{"taxonomy":"product_tag","embeddable":true,"href":"https:\/\/k-beautyci.com\/fr\/wp-json\/wp\/v2\/product_tag?post=8335"}],"curies":[{"name":"wp","href":"https:\/\/api.w.org\/{rel}","templated":true}]}}