{"id":8327,"date":"2025-05-31T01:29:09","date_gmt":"2025-05-31T01:29:09","guid":{"rendered":"https:\/\/k-beautyci.com\/?post_type=product&#038;p=8327"},"modified":"2025-10-19T00:44:34","modified_gmt":"2025-10-19T00:44:34","slug":"tony-moly-wonder-ceramide-mochi-water-cream","status":"publish","type":"product","link":"https:\/\/k-beautyci.com\/fr\/produit\/tony-moly-wonder-ceramide-mochi-water-cream\/","title":{"rendered":"Tony Moly Wonder Ceramide Mochi Water Cream"},"content":{"rendered":"<p>Comment l'utiliser :<\/p>\n<ol>\n<li>Appliquer une quantit\u00e9 suffisante sur le visage et le cou comme derni\u00e8re \u00e9tape de votre routine de soins.<\/li>\n<li>Masser doucement jusqu'\u00e0 absorption compl\u00e8te par la peau.<\/li>\n<\/ol>\n<p>Avertissement : Pour usage externe uniquement. Toujours effectuer un test \u00e9picutan\u00e9. Cessez d'utiliser le produit si vous ressentez une quelconque g\u00eane. Suivre les instructions suppl\u00e9mentaires figurant sur l'emballage. Les r\u00e9sultats individuels peuvent varier.<\/p>","protected":false},"excerpt":{"rendered":"<p>Faites plaisir \u00e0 votre peau avec notre Wonder Ceramide Mochi Water Cream ! Ce gel hydratant nourrissant contient 5 000 ppb de c\u00e9ramides, ainsi que de l'extrait de centella asiatica et de l'extrait de feuille d'alo\u00e8s pour adoucir, nourrir et hydrater en profondeur. La ligne Mochi Wonder est con\u00e7ue pour raviver la peau s\u00e8che et la rendre douce, lisse et rebondie comme un mochi !<\/p>","protected":false},"featured_media":8332,"comment_status":"open","ping_status":"closed","template":"","meta":{"om_disable_all_campaigns":false},"product_brand":[],"product_cat":[148,26,163],"product_tag":[],"class_list":{"0":"post-8327","1":"product","2":"type-product","3":"status-publish","4":"has-post-thumbnail","6":"product_cat-ceramide","7":"product_cat-face-moisturizer","8":"product_cat-tony-moly","10":"first","11":"instock","12":"shipping-taxable","13":"purchasable","14":"product-type-simple"},"aioseo_notices":[],"jetpack_sharing_enabled":true,"_links":{"self":[{"href":"https:\/\/k-beautyci.com\/fr\/wp-json\/wp\/v2\/product\/8327","targetHints":{"allow":["GET"]}}],"collection":[{"href":"https:\/\/k-beautyci.com\/fr\/wp-json\/wp\/v2\/product"}],"about":[{"href":"https:\/\/k-beautyci.com\/fr\/wp-json\/wp\/v2\/types\/product"}],"replies":[{"embeddable":true,"href":"https:\/\/k-beautyci.com\/fr\/wp-json\/wp\/v2\/comments?post=8327"}],"wp:featuredmedia":[{"embeddable":true,"href":"https:\/\/k-beautyci.com\/fr\/wp-json\/wp\/v2\/media\/8332"}],"wp:attachment":[{"href":"https:\/\/k-beautyci.com\/fr\/wp-json\/wp\/v2\/media?parent=8327"}],"wp:term":[{"taxonomy":"product_brand","embeddable":true,"href":"https:\/\/k-beautyci.com\/fr\/wp-json\/wp\/v2\/product_brand?post=8327"},{"taxonomy":"product_cat","embeddable":true,"href":"https:\/\/k-beautyci.com\/fr\/wp-json\/wp\/v2\/product_cat?post=8327"},{"taxonomy":"product_tag","embeddable":true,"href":"https:\/\/k-beautyci.com\/fr\/wp-json\/wp\/v2\/product_tag?post=8327"}],"curies":[{"name":"wp","href":"https:\/\/api.w.org\/{rel}","templated":true}]}}