{"id":8239,"date":"2025-06-03T17:14:13","date_gmt":"2025-06-03T17:14:13","guid":{"rendered":"https:\/\/k-beautyci.com\/?post_type=product&#038;p=8239"},"modified":"2026-03-25T15:04:22","modified_gmt":"2026-03-25T15:04:22","slug":"isntree-hyaluronic-acid-fresh-sun-serum","status":"publish","type":"product","link":"https:\/\/k-beautyci.com\/fr\/produit\/isntree-hyaluronic-acid-fresh-sun-serum\/","title":{"rendered":"Isntree Hyaluronic Acid Fresh Sun Serum"},"content":{"rendered":"<ul>\n<li><b>Comment l'utiliser :<\/b>Appliquer uniform\u00e9ment une quantit\u00e9 mod\u00e9r\u00e9e sur le visage ou les zones facilement expos\u00e9es au soleil.<\/li>\n<\/ul>\n<p>Avertissement : Pour usage externe uniquement. Toujours effectuer un test \u00e9picutan\u00e9. Cessez d'utiliser le produit si vous ressentez une quelconque g\u00eane. Suivre les instructions suppl\u00e9mentaires figurant sur l'emballage. Les r\u00e9sultats individuels peuvent varier.<\/p>","protected":false},"excerpt":{"rendered":"<p>Cet \u00e9cran solaire chimique est dot\u00e9 d'un SPF 50+ PA++++ pour prot\u00e9ger la peau des rayons UV nocifs. La formule l\u00e9g\u00e8re est enrichie en acide hyaluronique, en squalane et en allanto\u00efne pour apaiser, hydrater et fortifier la peau. Cet \u00e9cran solaire non com\u00e9dog\u00e8ne convient \u00e0 tous les types de peau, y compris les peaux acn\u00e9iques.<\/p>","protected":false},"featured_media":8243,"comment_status":"open","ping_status":"closed","template":"","meta":{"om_disable_all_campaigns":false},"product_brand":[],"product_cat":[90,77],"product_tag":[],"class_list":{"0":"post-8239","1":"product","2":"type-product","3":"status-publish","4":"has-post-thumbnail","6":"product_cat-isntree","7":"product_cat-spf-50","9":"first","10":"instock","11":"shipping-taxable","12":"purchasable","13":"product-type-simple"},"aioseo_notices":[],"jetpack_sharing_enabled":true,"_links":{"self":[{"href":"https:\/\/k-beautyci.com\/fr\/wp-json\/wp\/v2\/product\/8239","targetHints":{"allow":["GET"]}}],"collection":[{"href":"https:\/\/k-beautyci.com\/fr\/wp-json\/wp\/v2\/product"}],"about":[{"href":"https:\/\/k-beautyci.com\/fr\/wp-json\/wp\/v2\/types\/product"}],"replies":[{"embeddable":true,"href":"https:\/\/k-beautyci.com\/fr\/wp-json\/wp\/v2\/comments?post=8239"}],"wp:featuredmedia":[{"embeddable":true,"href":"https:\/\/k-beautyci.com\/fr\/wp-json\/wp\/v2\/media\/8243"}],"wp:attachment":[{"href":"https:\/\/k-beautyci.com\/fr\/wp-json\/wp\/v2\/media?parent=8239"}],"wp:term":[{"taxonomy":"product_brand","embeddable":true,"href":"https:\/\/k-beautyci.com\/fr\/wp-json\/wp\/v2\/product_brand?post=8239"},{"taxonomy":"product_cat","embeddable":true,"href":"https:\/\/k-beautyci.com\/fr\/wp-json\/wp\/v2\/product_cat?post=8239"},{"taxonomy":"product_tag","embeddable":true,"href":"https:\/\/k-beautyci.com\/fr\/wp-json\/wp\/v2\/product_tag?post=8239"}],"curies":[{"name":"wp","href":"https:\/\/api.w.org\/{rel}","templated":true}]}}