{"id":8234,"date":"2025-06-03T15:33:36","date_gmt":"2025-06-03T15:33:36","guid":{"rendered":"https:\/\/k-beautyci.com\/?post_type=product&#038;p=8234"},"modified":"2026-02-28T08:51:13","modified_gmt":"2026-02-28T08:51:13","slug":"marymay-idebenone-blackberry-complex-serum","status":"publish","type":"product","link":"https:\/\/k-beautyci.com\/fr\/produit\/marymay-idebenone-blackberry-complex-serum\/","title":{"rendered":"Mary&amp;May Idebenone + Blackberry Complex Serum"},"content":{"rendered":"<p><b>Comment l'utiliser :<\/b><br \/>\n1. Appliquer une quantit\u00e9 mod\u00e9r\u00e9e et masser d\u00e9licatement la peau.<\/p>\n<p>2. Utilisation en AM\/PM.<\/p>\n<p>Avertissement : Pour usage externe uniquement. Toujours effectuer un test \u00e9picutan\u00e9. Cessez d'utiliser le produit si vous ressentez une quelconque g\u00eane. Suivre les instructions suppl\u00e9mentaires figurant sur l'emballage. Les r\u00e9sultats individuels peuvent varier.<\/p>","protected":false},"excerpt":{"rendered":"<p>Inversez les signes du vieillissement avec ce s\u00e9rum hypoallerg\u00e9nique formul\u00e9 avec 1 000 ppm d'id\u00e9b\u00e9none et 20 % de complexe de m\u00fbre, deux puissants antioxydants qui prot\u00e8gent \u00e9galement la peau des irritations de l'environnement.<\/p>","protected":false},"featured_media":8238,"comment_status":"open","ping_status":"closed","template":"","meta":{"om_disable_all_campaigns":false},"product_brand":[],"product_cat":[31,96],"product_tag":[],"class_list":{"0":"post-8234","1":"product","2":"type-product","3":"status-publish","4":"has-post-thumbnail","6":"product_cat-face-serums","7":"product_cat-mary-may","9":"first","10":"instock","11":"sale","12":"shipping-taxable","13":"purchasable","14":"product-type-simple"},"aioseo_notices":[],"jetpack_sharing_enabled":true,"_links":{"self":[{"href":"https:\/\/k-beautyci.com\/fr\/wp-json\/wp\/v2\/product\/8234","targetHints":{"allow":["GET"]}}],"collection":[{"href":"https:\/\/k-beautyci.com\/fr\/wp-json\/wp\/v2\/product"}],"about":[{"href":"https:\/\/k-beautyci.com\/fr\/wp-json\/wp\/v2\/types\/product"}],"replies":[{"embeddable":true,"href":"https:\/\/k-beautyci.com\/fr\/wp-json\/wp\/v2\/comments?post=8234"}],"wp:featuredmedia":[{"embeddable":true,"href":"https:\/\/k-beautyci.com\/fr\/wp-json\/wp\/v2\/media\/8238"}],"wp:attachment":[{"href":"https:\/\/k-beautyci.com\/fr\/wp-json\/wp\/v2\/media?parent=8234"}],"wp:term":[{"taxonomy":"product_brand","embeddable":true,"href":"https:\/\/k-beautyci.com\/fr\/wp-json\/wp\/v2\/product_brand?post=8234"},{"taxonomy":"product_cat","embeddable":true,"href":"https:\/\/k-beautyci.com\/fr\/wp-json\/wp\/v2\/product_cat?post=8234"},{"taxonomy":"product_tag","embeddable":true,"href":"https:\/\/k-beautyci.com\/fr\/wp-json\/wp\/v2\/product_tag?post=8234"}],"curies":[{"name":"wp","href":"https:\/\/api.w.org\/{rel}","templated":true}]}}