{"id":8230,"date":"2025-06-03T15:33:14","date_gmt":"2025-06-03T15:33:14","guid":{"rendered":"https:\/\/k-beautyci.com\/?post_type=product&#038;p=8230"},"modified":"2025-06-03T15:33:17","modified_gmt":"2025-06-03T15:33:17","slug":"mary-may-niacinamide-chaenomeles-sinensis-serum","status":"publish","type":"product","link":"https:\/\/k-beautyci.com\/fr\/produit\/mary-may-niacinamide-chaenomeles-sinensis-serum\/","title":{"rendered":"MARY &amp; MAY Niacinamide + Chaenomeles Sinensis Serum"},"content":{"rendered":"<p>Comment l'utiliser :<\/p>\n<p>Utiliser pendant l'\u00e9tape du s\u00e9rum ou de l'ampoule de votre routine. Apr\u00e8s avoir nettoy\u00e9 et tonifi\u00e9 le visage, appliquer une quantit\u00e9 mod\u00e9r\u00e9e sur le visage avec des mains propres. Tapoter d\u00e9licatement pour faire p\u00e9n\u00e9trer le produit et poursuivre avec le reste de la routine de soins.<\/p>\n<p>Avertissement : Pour usage externe uniquement. Toujours effectuer un test \u00e9picutan\u00e9. Cessez d'utiliser le produit si vous ressentez une quelconque g\u00eane. Suivre les instructions suppl\u00e9mentaires figurant sur l'emballage. Les r\u00e9sultats individuels peuvent varier.<\/p>","protected":false},"excerpt":{"rendered":"<p>Donnez \u00e0 votre peau un bon coup de pouce en vitamine C avec ce s\u00e9rum de MARY &amp; MAY. Ce s\u00e9rum associe le niacinamide et l'extrait de chaenomeles sinensis pour cibler l'apparence des taches brunes, unifier votre teint et vous donner un \u00e9clat radieux.<\/p>","protected":false},"featured_media":8233,"comment_status":"open","ping_status":"closed","template":"","meta":{"om_disable_all_campaigns":false},"product_brand":[],"product_cat":[52,31,96,74],"product_tag":[],"class_list":{"0":"post-8230","1":"product","2":"type-product","3":"status-publish","4":"has-post-thumbnail","6":"product_cat-dark-spots","7":"product_cat-face-serums","8":"product_cat-mary-may","9":"product_cat-niacinamide","11":"first","12":"instock","13":"shipping-taxable","14":"purchasable","15":"product-type-simple"},"aioseo_notices":[],"jetpack_sharing_enabled":true,"_links":{"self":[{"href":"https:\/\/k-beautyci.com\/fr\/wp-json\/wp\/v2\/product\/8230","targetHints":{"allow":["GET"]}}],"collection":[{"href":"https:\/\/k-beautyci.com\/fr\/wp-json\/wp\/v2\/product"}],"about":[{"href":"https:\/\/k-beautyci.com\/fr\/wp-json\/wp\/v2\/types\/product"}],"replies":[{"embeddable":true,"href":"https:\/\/k-beautyci.com\/fr\/wp-json\/wp\/v2\/comments?post=8230"}],"wp:featuredmedia":[{"embeddable":true,"href":"https:\/\/k-beautyci.com\/fr\/wp-json\/wp\/v2\/media\/8233"}],"wp:attachment":[{"href":"https:\/\/k-beautyci.com\/fr\/wp-json\/wp\/v2\/media?parent=8230"}],"wp:term":[{"taxonomy":"product_brand","embeddable":true,"href":"https:\/\/k-beautyci.com\/fr\/wp-json\/wp\/v2\/product_brand?post=8230"},{"taxonomy":"product_cat","embeddable":true,"href":"https:\/\/k-beautyci.com\/fr\/wp-json\/wp\/v2\/product_cat?post=8230"},{"taxonomy":"product_tag","embeddable":true,"href":"https:\/\/k-beautyci.com\/fr\/wp-json\/wp\/v2\/product_tag?post=8230"}],"curies":[{"name":"wp","href":"https:\/\/api.w.org\/{rel}","templated":true}]}}