{"id":8219,"date":"2025-06-03T13:42:17","date_gmt":"2025-06-03T13:42:17","guid":{"rendered":"https:\/\/k-beautyci.com\/?post_type=product&#038;p=8219"},"modified":"2026-01-17T01:17:57","modified_gmt":"2026-01-17T01:17:57","slug":"haruharu-wonder-black-rice-5-ceramide-barrier-moisturizing-cream","status":"publish","type":"product","link":"https:\/\/k-beautyci.com\/fr\/produit\/haruharu-wonder-black-rice-5-ceramide-barrier-moisturizing-cream\/","title":{"rendered":"haruharu wonder Black Rice 5 Ceramide Barrier Moisturizing Cream"},"content":{"rendered":"<p>Comment l'utiliser :<\/p>\n<p>1. Apr\u00e8s la lotion tonique et l'essence\/s\u00e9rum, appliquer une quantit\u00e9 appropri\u00e9e sur le visage et le cou.<br \/>\n2. Masser d\u00e9licatement la cr\u00e8me sur la peau et tapoter pour assurer une absorption compl\u00e8te.<br \/>\n3. Utiliser matin et soir pour hydrater et prot\u00e9ger la peau en profondeur, en accordant une attention particuli\u00e8re aux zones s\u00e8ches.<\/p>\n<p>- Conseil* Presser sur la peau pour faire fondre les capsules de c\u00e9ramides visibles.<\/p>\n<p>Avertissement : Pour usage externe uniquement. Toujours effectuer un test \u00e9picutan\u00e9. Cessez d'utiliser le produit si vous ressentez une quelconque g\u00eane. Suivre les instructions suppl\u00e9mentaires figurant sur l'emballage. Les r\u00e9sultats individuels peuvent varier.<\/p>","protected":false},"excerpt":{"rendered":"<p>Cette cr\u00e8me luxueuse associe des capsules de c\u00e9ramides et des ingr\u00e9dients renfor\u00e7ant la barri\u00e8re cutan\u00e9e pour une hydratation en profondeur, une barri\u00e8re cutan\u00e9e renforc\u00e9e et une protection durable. Le riz noir, riche en antioxydants, apaise, \u00e9claircit et am\u00e9liore la texture de la peau.<\/p>","protected":false},"featured_media":8225,"comment_status":"open","ping_status":"closed","template":"","meta":{"om_disable_all_campaigns":false},"product_brand":[],"product_cat":[15],"product_tag":[],"class_list":{"0":"post-8219","1":"product","2":"type-product","3":"status-publish","4":"has-post-thumbnail","6":"product_cat-uncategorized","8":"first","9":"outofstock","10":"shipping-taxable","11":"purchasable","12":"product-type-simple"},"aioseo_notices":[],"jetpack_sharing_enabled":true,"_links":{"self":[{"href":"https:\/\/k-beautyci.com\/fr\/wp-json\/wp\/v2\/product\/8219","targetHints":{"allow":["GET"]}}],"collection":[{"href":"https:\/\/k-beautyci.com\/fr\/wp-json\/wp\/v2\/product"}],"about":[{"href":"https:\/\/k-beautyci.com\/fr\/wp-json\/wp\/v2\/types\/product"}],"replies":[{"embeddable":true,"href":"https:\/\/k-beautyci.com\/fr\/wp-json\/wp\/v2\/comments?post=8219"}],"wp:featuredmedia":[{"embeddable":true,"href":"https:\/\/k-beautyci.com\/fr\/wp-json\/wp\/v2\/media\/8225"}],"wp:attachment":[{"href":"https:\/\/k-beautyci.com\/fr\/wp-json\/wp\/v2\/media?parent=8219"}],"wp:term":[{"taxonomy":"product_brand","embeddable":true,"href":"https:\/\/k-beautyci.com\/fr\/wp-json\/wp\/v2\/product_brand?post=8219"},{"taxonomy":"product_cat","embeddable":true,"href":"https:\/\/k-beautyci.com\/fr\/wp-json\/wp\/v2\/product_cat?post=8219"},{"taxonomy":"product_tag","embeddable":true,"href":"https:\/\/k-beautyci.com\/fr\/wp-json\/wp\/v2\/product_tag?post=8219"}],"curies":[{"name":"wp","href":"https:\/\/api.w.org\/{rel}","templated":true}]}}