{"id":8215,"date":"2025-06-03T16:37:10","date_gmt":"2025-06-03T16:37:10","guid":{"rendered":"https:\/\/k-beautyci.com\/?post_type=product&#038;p=8215"},"modified":"2026-01-12T17:54:36","modified_gmt":"2026-01-12T17:54:36","slug":"medi-peel-vitamin-doctor-body-lotion-400ml","status":"publish","type":"product","link":"https:\/\/k-beautyci.com\/fr\/produit\/medi-peel-vitamin-doctor-body-lotion-400ml\/","title":{"rendered":"MEDI-PEEL Vitamin Doctor Body Lotion 400ml"},"content":{"rendered":"","protected":false},"excerpt":{"rendered":"<p>Ce produit, infus\u00e9 de vitamines fra\u00eeches de mandarine verte de l'\u00eele de Jeju, lisse et revitalise la peau rugueuse tout en lui apportant clart\u00e9 et hydratation. Son parfum vert et durable d'agrumes apporte une touche de fra\u00eecheur. De plus, des ingr\u00e9dients \u00e9claircissants brevet\u00e9s rehaussent l'\u00e9clat de la peau.<\/p>","protected":false},"featured_media":8218,"comment_status":"open","ping_status":"closed","template":"","meta":{"om_disable_all_campaigns":false},"product_brand":[],"product_cat":[138,244],"product_tag":[],"class_list":{"0":"post-8215","1":"product","2":"type-product","3":"status-publish","4":"has-post-thumbnail","6":"product_cat-body-moisturizers","7":"product_cat-medi-peel","9":"first","10":"instock","11":"shipping-taxable","12":"purchasable","13":"product-type-simple"},"aioseo_notices":[],"jetpack_sharing_enabled":true,"_links":{"self":[{"href":"https:\/\/k-beautyci.com\/fr\/wp-json\/wp\/v2\/product\/8215","targetHints":{"allow":["GET"]}}],"collection":[{"href":"https:\/\/k-beautyci.com\/fr\/wp-json\/wp\/v2\/product"}],"about":[{"href":"https:\/\/k-beautyci.com\/fr\/wp-json\/wp\/v2\/types\/product"}],"replies":[{"embeddable":true,"href":"https:\/\/k-beautyci.com\/fr\/wp-json\/wp\/v2\/comments?post=8215"}],"wp:featuredmedia":[{"embeddable":true,"href":"https:\/\/k-beautyci.com\/fr\/wp-json\/wp\/v2\/media\/8218"}],"wp:attachment":[{"href":"https:\/\/k-beautyci.com\/fr\/wp-json\/wp\/v2\/media?parent=8215"}],"wp:term":[{"taxonomy":"product_brand","embeddable":true,"href":"https:\/\/k-beautyci.com\/fr\/wp-json\/wp\/v2\/product_brand?post=8215"},{"taxonomy":"product_cat","embeddable":true,"href":"https:\/\/k-beautyci.com\/fr\/wp-json\/wp\/v2\/product_cat?post=8215"},{"taxonomy":"product_tag","embeddable":true,"href":"https:\/\/k-beautyci.com\/fr\/wp-json\/wp\/v2\/product_tag?post=8215"}],"curies":[{"name":"wp","href":"https:\/\/api.w.org\/{rel}","templated":true}]}}