{"id":8210,"date":"2025-06-03T17:51:41","date_gmt":"2025-06-03T17:51:41","guid":{"rendered":"https:\/\/k-beautyci.com\/?post_type=product&#038;p=8210"},"modified":"2026-04-03T17:28:51","modified_gmt":"2026-04-03T17:28:51","slug":"vt-pdrn-reedle-shot-hair-ampoule-100dl","status":"publish","type":"product","link":"https:\/\/k-beautyci.com\/fr\/produit\/vt-pdrn-reedle-shot-hair-ampoule-100dl\/","title":{"rendered":"VT  PDRN Reedle Shot Hair Ampoule 100dL"},"content":{"rendered":"<p><b>Comment l'utiliser :<\/b><br \/>\n1. Tournez le bouton situ\u00e9 au fond du conteneur.<\/p>\n<p>2. Positionner l'embout sur les zones concern\u00e9es par la perte de cheveux.<\/p>\n<p>3. Appuyez sur le bouton situ\u00e9 en bas pour distribuer le produit.<\/p>\n<p>4. Tournez toujours le bouton pour le verrouiller apr\u00e8s utilisation.<\/p>\n<p>Avertissement : Pour usage externe uniquement. Toujours effectuer un test \u00e9picutan\u00e9. Cessez d'utiliser le produit si vous ressentez une quelconque g\u00eane. Suivre les instructions suppl\u00e9mentaires figurant sur l'emballage. Les r\u00e9sultats individuels peuvent varier.<\/p>","protected":false},"excerpt":{"rendered":"<p>R\u00e9tablissez la sant\u00e9 de vos cheveux gr\u00e2ce \u00e0 cette ampoule rajeunissante formul\u00e9e avec la combinaison puissante de CICA REEDLE\u00ae et de PHYTO PDRN\u00ae \u00e0 base de plantes de VT. Les CICA REEDLE\u00ae sont des microparticules de silice centr\u00e9es sur l'extrait de cica pour apaiser le cuir chevelu, tandis que PHYTO PDRN\u00ae, d\u00e9riv\u00e9 de la racine de ginseng Panax, revitalise et nourrit les cheveux. La caf\u00e9ine et les extraits floraux concentr\u00e9s stimulent la croissance des cheveux, apaisent le cuir chevelu irrit\u00e9 et favorisent des cheveux plus sains.<\/p>","protected":false},"featured_media":8214,"comment_status":"open","ping_status":"closed","template":"","meta":{"om_disable_all_campaigns":false},"product_brand":[],"product_cat":[211],"product_tag":[],"class_list":{"0":"post-8210","1":"product","2":"type-product","3":"status-publish","4":"has-post-thumbnail","6":"product_cat-vt-cosmetics","8":"first","9":"outofstock","10":"sale","11":"shipping-taxable","12":"purchasable","13":"product-type-simple"},"aioseo_notices":[],"jetpack_sharing_enabled":true,"_links":{"self":[{"href":"https:\/\/k-beautyci.com\/fr\/wp-json\/wp\/v2\/product\/8210","targetHints":{"allow":["GET"]}}],"collection":[{"href":"https:\/\/k-beautyci.com\/fr\/wp-json\/wp\/v2\/product"}],"about":[{"href":"https:\/\/k-beautyci.com\/fr\/wp-json\/wp\/v2\/types\/product"}],"replies":[{"embeddable":true,"href":"https:\/\/k-beautyci.com\/fr\/wp-json\/wp\/v2\/comments?post=8210"}],"wp:featuredmedia":[{"embeddable":true,"href":"https:\/\/k-beautyci.com\/fr\/wp-json\/wp\/v2\/media\/8214"}],"wp:attachment":[{"href":"https:\/\/k-beautyci.com\/fr\/wp-json\/wp\/v2\/media?parent=8210"}],"wp:term":[{"taxonomy":"product_brand","embeddable":true,"href":"https:\/\/k-beautyci.com\/fr\/wp-json\/wp\/v2\/product_brand?post=8210"},{"taxonomy":"product_cat","embeddable":true,"href":"https:\/\/k-beautyci.com\/fr\/wp-json\/wp\/v2\/product_cat?post=8210"},{"taxonomy":"product_tag","embeddable":true,"href":"https:\/\/k-beautyci.com\/fr\/wp-json\/wp\/v2\/product_tag?post=8210"}],"curies":[{"name":"wp","href":"https:\/\/api.w.org\/{rel}","templated":true}]}}