{"id":8205,"date":"2025-06-03T15:51:26","date_gmt":"2025-06-03T15:51:26","guid":{"rendered":"https:\/\/k-beautyci.com\/?post_type=product&#038;p=8205"},"modified":"2025-12-31T02:39:15","modified_gmt":"2025-12-31T02:39:15","slug":"vt-reedle-shot-lifting-cream","status":"publish","type":"product","link":"https:\/\/k-beautyci.com\/fr\/produit\/vt-reedle-shot-lifting-cream\/","title":{"rendered":"VT  Reedle Shot Lifting Cream"},"content":{"rendered":"<p><b>Comment l'utiliser :<\/b><\/p>\n<p>Chaque matin et chaque soir, lors de l'utilisation de la cr\u00e8me, prendre une quantit\u00e9 appropri\u00e9e et l'\u00e9taler d\u00e9licatement sur le grain de la peau, puis tapoter l\u00e9g\u00e8rement pour la faire absorber.<\/p>\n<p>Avertissement : Pour usage externe uniquement. Toujours effectuer un test \u00e9picutan\u00e9. Cessez d'utiliser le produit si vous ressentez une quelconque g\u00eane. Suivre les instructions suppl\u00e9mentaires figurant sur l'emballage. Les r\u00e9sultats individuels peuvent varier.<\/p>","protected":false},"excerpt":{"rendered":"<p>Gr\u00e2ce au CICA REEDLE\u2122, cette cr\u00e8me restaure l'\u00e9lasticit\u00e9 de la peau afin de minimiser les rides et ridules pour une peau jeune et rebondie. Elle contient du niacinamide pour \u00e9claircir la peau, ainsi que du hyaluronate de sodium et du panth\u00e9nol pour d\u00e9livrer et fixer l'hydratation. Sa texture \u00e9paisse et cr\u00e9meuse hydrate instantan\u00e9ment la peau sans laisser de sensation collante.<\/p>","protected":false},"featured_media":8209,"comment_status":"open","ping_status":"closed","template":"","meta":{"om_disable_all_campaigns":false},"product_brand":[],"product_cat":[57,26,211],"product_tag":[],"class_list":{"0":"post-8205","1":"product","2":"type-product","3":"status-publish","4":"has-post-thumbnail","6":"product_cat-anti-aging","7":"product_cat-face-moisturizer","8":"product_cat-vt-cosmetics","10":"first","11":"outofstock","12":"shipping-taxable","13":"purchasable","14":"product-type-simple"},"aioseo_notices":[],"jetpack_sharing_enabled":true,"_links":{"self":[{"href":"https:\/\/k-beautyci.com\/fr\/wp-json\/wp\/v2\/product\/8205","targetHints":{"allow":["GET"]}}],"collection":[{"href":"https:\/\/k-beautyci.com\/fr\/wp-json\/wp\/v2\/product"}],"about":[{"href":"https:\/\/k-beautyci.com\/fr\/wp-json\/wp\/v2\/types\/product"}],"replies":[{"embeddable":true,"href":"https:\/\/k-beautyci.com\/fr\/wp-json\/wp\/v2\/comments?post=8205"}],"wp:featuredmedia":[{"embeddable":true,"href":"https:\/\/k-beautyci.com\/fr\/wp-json\/wp\/v2\/media\/8209"}],"wp:attachment":[{"href":"https:\/\/k-beautyci.com\/fr\/wp-json\/wp\/v2\/media?parent=8205"}],"wp:term":[{"taxonomy":"product_brand","embeddable":true,"href":"https:\/\/k-beautyci.com\/fr\/wp-json\/wp\/v2\/product_brand?post=8205"},{"taxonomy":"product_cat","embeddable":true,"href":"https:\/\/k-beautyci.com\/fr\/wp-json\/wp\/v2\/product_cat?post=8205"},{"taxonomy":"product_tag","embeddable":true,"href":"https:\/\/k-beautyci.com\/fr\/wp-json\/wp\/v2\/product_tag?post=8205"}],"curies":[{"name":"wp","href":"https:\/\/api.w.org\/{rel}","templated":true}]}}