{"id":8200,"date":"2025-06-03T15:35:14","date_gmt":"2025-06-03T15:35:14","guid":{"rendered":"https:\/\/k-beautyci.com\/?post_type=product&#038;p=8200"},"modified":"2025-06-08T16:55:41","modified_gmt":"2025-06-08T16:55:41","slug":"tocobo-collagen-brightening-eye-gel-cream","status":"publish","type":"product","link":"https:\/\/k-beautyci.com\/fr\/produit\/tocobo-collagen-brightening-eye-gel-cream\/","title":{"rendered":"TOCOBO Collagen Brightening Eye Gel Cream"},"content":{"rendered":"<p>Comment l'utiliser :<\/p>\n<p>\u00c0 la fin de votre routine de soin, appliquez une quantit\u00e9 mod\u00e9r\u00e9e sur le bout des doigts et r\u00e9partissez autour de vos yeux (os orbital), en tapotant et en massant doucement jusqu'\u00e0 absorption compl\u00e8te.<\/p>\n<p>Avertissement : Pour usage externe uniquement. Toujours effectuer un test \u00e9picutan\u00e9. Cessez d'utiliser le produit si vous ressentez une quelconque g\u00eane. Suivre les instructions suppl\u00e9mentaires figurant sur l'emballage. Les r\u00e9sultats individuels peuvent varier.<\/p>","protected":false},"excerpt":{"rendered":"<p>Inversez les signes de vieillissement du contour de l'\u0153il avec ce gel-cr\u00e8me v\u00e9g\u00e9talien pour les yeux, enrichi \u00e0 81 % d'eau florale de lavande. Il contient du r\u00e9tinol et 1 000 ppm de collag\u00e8ne d'origine v\u00e9g\u00e9tale pour r\u00e9duire l'apparence des rides et des ridules, ainsi que 1 000 ppm de panth\u00e9nol pour r\u00e9hydrater la peau.<\/p>","protected":false},"featured_media":8204,"comment_status":"open","ping_status":"closed","template":"","meta":{"om_disable_all_campaigns":false},"product_brand":[],"product_cat":[57,38,95],"product_tag":[],"class_list":{"0":"post-8200","1":"product","2":"type-product","3":"status-publish","4":"has-post-thumbnail","6":"product_cat-anti-aging","7":"product_cat-eye-care","8":"product_cat-tocobo","10":"first","11":"instock","12":"shipping-taxable","13":"purchasable","14":"product-type-simple"},"aioseo_notices":[],"jetpack_sharing_enabled":true,"_links":{"self":[{"href":"https:\/\/k-beautyci.com\/fr\/wp-json\/wp\/v2\/product\/8200","targetHints":{"allow":["GET"]}}],"collection":[{"href":"https:\/\/k-beautyci.com\/fr\/wp-json\/wp\/v2\/product"}],"about":[{"href":"https:\/\/k-beautyci.com\/fr\/wp-json\/wp\/v2\/types\/product"}],"replies":[{"embeddable":true,"href":"https:\/\/k-beautyci.com\/fr\/wp-json\/wp\/v2\/comments?post=8200"}],"wp:featuredmedia":[{"embeddable":true,"href":"https:\/\/k-beautyci.com\/fr\/wp-json\/wp\/v2\/media\/8204"}],"wp:attachment":[{"href":"https:\/\/k-beautyci.com\/fr\/wp-json\/wp\/v2\/media?parent=8200"}],"wp:term":[{"taxonomy":"product_brand","embeddable":true,"href":"https:\/\/k-beautyci.com\/fr\/wp-json\/wp\/v2\/product_brand?post=8200"},{"taxonomy":"product_cat","embeddable":true,"href":"https:\/\/k-beautyci.com\/fr\/wp-json\/wp\/v2\/product_cat?post=8200"},{"taxonomy":"product_tag","embeddable":true,"href":"https:\/\/k-beautyci.com\/fr\/wp-json\/wp\/v2\/product_tag?post=8200"}],"curies":[{"name":"wp","href":"https:\/\/api.w.org\/{rel}","templated":true}]}}