{"id":8182,"date":"2025-06-03T16:40:36","date_gmt":"2025-06-03T16:40:36","guid":{"rendered":"https:\/\/k-beautyci.com\/?post_type=product&#038;p=8182"},"modified":"2025-12-13T14:02:39","modified_gmt":"2025-12-13T14:02:39","slug":"some-by-mi-galactomyces-glutathione-glow-milky-toner","status":"publish","type":"product","link":"https:\/\/k-beautyci.com\/fr\/produit\/some-by-mi-galactomyces-glutathione-glow-milky-toner\/","title":{"rendered":"SOME BY MI Galactomyces Glutathione Glow Milky Toner"},"content":{"rendered":"<p><b>Comment l'utiliser :<\/b><br \/>\n1. Apr\u00e8s le nettoyage, appliquer une quantit\u00e9 appropri\u00e9e sur un disque de coton ou dans la paume des mains et passer d\u00e9licatement sur l'ensemble du visage.<\/p>\n<p>2. Tapoter doucement pour une meilleure absorption.<\/p>\n<p>Avertissement : Pour usage externe uniquement. Toujours effectuer un test \u00e9picutan\u00e9. Cessez d'utiliser le produit si vous ressentez une quelconque g\u00eane. Suivre les instructions suppl\u00e9mentaires figurant sur l'emballage. Les r\u00e9sultats individuels peuvent varier.<\/p>","protected":false},"excerpt":{"rendered":"<p>Transformez une peau rugueuse et terne en une peau plus lisse et plus \u00e9clatante gr\u00e2ce \u00e0 ce tonique laiteux enrichi d'ingr\u00e9dients qui donnent de l'\u00e9clat comme le filtrat de ferment galactomyces, le glutathion et la vitamine C. Il est \u00e9galement infus\u00e9 de c\u00e9ramides de riz et d'acide hyaluronique pour r\u00e9tablir les niveaux d'hydratation de la peau. La formule l\u00e9g\u00e8re est absorb\u00e9e instantan\u00e9ment par la peau sans laisser de r\u00e9sidus collants. Ce produit hypoallerg\u00e9nique et non com\u00e9dog\u00e8ne convient \u00e0 tous les types de peau, y compris les peaux sensibles.<\/p>","protected":false},"featured_media":8188,"comment_status":"open","ping_status":"closed","template":"","meta":{"om_disable_all_campaigns":false},"product_brand":[],"product_cat":[15],"product_tag":[],"class_list":{"0":"post-8182","1":"product","2":"type-product","3":"status-publish","4":"has-post-thumbnail","6":"product_cat-uncategorized","8":"first","9":"instock","10":"shipping-taxable","11":"purchasable","12":"product-type-simple"},"aioseo_notices":[],"jetpack_sharing_enabled":true,"_links":{"self":[{"href":"https:\/\/k-beautyci.com\/fr\/wp-json\/wp\/v2\/product\/8182","targetHints":{"allow":["GET"]}}],"collection":[{"href":"https:\/\/k-beautyci.com\/fr\/wp-json\/wp\/v2\/product"}],"about":[{"href":"https:\/\/k-beautyci.com\/fr\/wp-json\/wp\/v2\/types\/product"}],"replies":[{"embeddable":true,"href":"https:\/\/k-beautyci.com\/fr\/wp-json\/wp\/v2\/comments?post=8182"}],"wp:featuredmedia":[{"embeddable":true,"href":"https:\/\/k-beautyci.com\/fr\/wp-json\/wp\/v2\/media\/8188"}],"wp:attachment":[{"href":"https:\/\/k-beautyci.com\/fr\/wp-json\/wp\/v2\/media?parent=8182"}],"wp:term":[{"taxonomy":"product_brand","embeddable":true,"href":"https:\/\/k-beautyci.com\/fr\/wp-json\/wp\/v2\/product_brand?post=8182"},{"taxonomy":"product_cat","embeddable":true,"href":"https:\/\/k-beautyci.com\/fr\/wp-json\/wp\/v2\/product_cat?post=8182"},{"taxonomy":"product_tag","embeddable":true,"href":"https:\/\/k-beautyci.com\/fr\/wp-json\/wp\/v2\/product_tag?post=8182"}],"curies":[{"name":"wp","href":"https:\/\/api.w.org\/{rel}","templated":true}]}}