{"id":8176,"date":"2025-06-03T16:40:47","date_gmt":"2025-06-03T16:40:47","guid":{"rendered":"https:\/\/k-beautyci.com\/?post_type=product&#038;p=8176"},"modified":"2025-09-13T10:05:17","modified_gmt":"2025-09-13T10:05:17","slug":"some-by-mi-lacto-soy-sebum-blackhead-cleansing-oil","status":"publish","type":"product","link":"https:\/\/k-beautyci.com\/fr\/produit\/some-by-mi-lacto-soy-sebum-blackhead-cleansing-oil\/","title":{"rendered":"SOME BY MI Lacto Soy Sebum &amp; Blackhead Cleansing Oil"},"content":{"rendered":"<p><b>Comment l'utiliser :<\/b><br \/>\n1. Agiter 4 \u00e0 5 fois avant utilisation.<\/p>\n<p>2. Appliquer une quantit\u00e9 suffisante sur les mains et masser l'ensemble du visage.<\/p>\n<p>3. Apr\u00e8s un nettoyage en profondeur, rincer \u00e0 l'eau ti\u00e8de.<\/p>\n<p>Avertissement : Pour usage externe uniquement. Toujours effectuer un test \u00e9picutan\u00e9. Cessez d'utiliser le produit si vous ressentez une quelconque g\u00eane. Suivre les instructions suppl\u00e9mentaires figurant sur l'emballage. Les r\u00e9sultats individuels peuvent varier.<\/p>","protected":false},"excerpt":{"rendered":"<p>Offrez \u00e0 votre peau une douce d\u00e9sintoxication avec cette huile nettoyante infus\u00e9e de Lacto Soy (filtrat de ferment de lait de soja et lactobacillus), d'huile v\u00e9g\u00e9tale et de l'Anti-Sebum P brevet\u00e9 de la marque pour \u00e9liminer l'exc\u00e8s de s\u00e9bum tout en rehaussant le niveau d'hydratation de la peau. Parfaite pour le d\u00e9maquillage ou pour un nettoyage quotidien ultra-doux, l'huile nettoyante est \u00e9galement tr\u00e8s efficace pour \u00e9liminer les points noirs. La formule respectueuse des peaux sensibles est exempte de 28 ingr\u00e9dients potentiellement irritants.<\/p>","protected":false},"featured_media":8181,"comment_status":"open","ping_status":"closed","template":"","meta":{"om_disable_all_campaigns":false},"product_brand":[],"product_cat":[60,63,41,85],"product_tag":[],"class_list":{"0":"post-8176","1":"product","2":"type-product","3":"status-publish","4":"has-post-thumbnail","6":"product_cat-acne","7":"product_cat-makeup-removers","8":"product_cat-oily-skin","9":"product_cat-some-by-mi","11":"first","12":"outofstock","13":"shipping-taxable","14":"purchasable","15":"product-type-simple"},"aioseo_notices":[],"jetpack_sharing_enabled":true,"_links":{"self":[{"href":"https:\/\/k-beautyci.com\/fr\/wp-json\/wp\/v2\/product\/8176","targetHints":{"allow":["GET"]}}],"collection":[{"href":"https:\/\/k-beautyci.com\/fr\/wp-json\/wp\/v2\/product"}],"about":[{"href":"https:\/\/k-beautyci.com\/fr\/wp-json\/wp\/v2\/types\/product"}],"replies":[{"embeddable":true,"href":"https:\/\/k-beautyci.com\/fr\/wp-json\/wp\/v2\/comments?post=8176"}],"wp:featuredmedia":[{"embeddable":true,"href":"https:\/\/k-beautyci.com\/fr\/wp-json\/wp\/v2\/media\/8181"}],"wp:attachment":[{"href":"https:\/\/k-beautyci.com\/fr\/wp-json\/wp\/v2\/media?parent=8176"}],"wp:term":[{"taxonomy":"product_brand","embeddable":true,"href":"https:\/\/k-beautyci.com\/fr\/wp-json\/wp\/v2\/product_brand?post=8176"},{"taxonomy":"product_cat","embeddable":true,"href":"https:\/\/k-beautyci.com\/fr\/wp-json\/wp\/v2\/product_cat?post=8176"},{"taxonomy":"product_tag","embeddable":true,"href":"https:\/\/k-beautyci.com\/fr\/wp-json\/wp\/v2\/product_tag?post=8176"}],"curies":[{"name":"wp","href":"https:\/\/api.w.org\/{rel}","templated":true}]}}