{"id":8166,"date":"2025-06-03T15:42:58","date_gmt":"2025-06-03T15:42:58","guid":{"rendered":"https:\/\/k-beautyci.com\/?post_type=product&#038;p=8166"},"modified":"2026-03-23T07:43:25","modified_gmt":"2026-03-23T07:43:25","slug":"numbuzin-no-5-vitamin-glutathione-dark-spot-laser-cream","status":"publish","type":"product","link":"https:\/\/k-beautyci.com\/fr\/produit\/numbuzin-no-5-vitamin-glutathione-dark-spot-laser-cream\/","title":{"rendered":"numbuzin No. 5 Vitamin Glutathione Dark Spot Laser Cream"},"content":{"rendered":"<p><b>Comment l'utiliser :<\/b><br \/>\n1. Lors de la derni\u00e8re \u00e9tape du soin, appliquer une quantit\u00e9 ad\u00e9quate sur la peau \u00e0 l'aide de la spatule incluse.<\/p>\n<p>2. Appliquer une quantit\u00e9 g\u00e9n\u00e9reuse de produit avant le coucher, en guise de masque de sommeil.<\/p>\n<p>3. Peut \u00eatre utilis\u00e9 le matin et le soir dans le cadre de la routine de soins de la peau.<\/p>\n<p>Avertissement : Pour usage externe uniquement. Toujours effectuer un test \u00e9picutan\u00e9. Cessez d'utiliser le produit si vous ressentez une quelconque g\u00eane. Suivre les instructions suppl\u00e9mentaires figurant sur l'emballage. Les r\u00e9sultats individuels peuvent varier.<\/p>","protected":false},"excerpt":{"rendered":"<p>Infus\u00e9e de glutathion, de niacinamide et de l'ingr\u00e9dient brevet\u00e9 Melazero, cette cr\u00e8me \u00e9claircissante estompe les taches brunes et unifie le teint pour un \u00e9clat d'apparence jeune. Huit types de peptides contenus dans le m\u00e9lange apportent un soin anti-\u00e2ge. Peut \u00e9galement \u00eatre utilis\u00e9e comme masque de nuit.<\/p>","protected":false},"featured_media":8175,"comment_status":"open","ping_status":"closed","template":"","meta":{"om_disable_all_campaigns":false},"product_brand":[],"product_cat":[57,52,62,26,74,190],"product_tag":[],"class_list":{"0":"post-8166","1":"product","2":"type-product","3":"status-publish","4":"has-post-thumbnail","6":"product_cat-anti-aging","7":"product_cat-dark-spots","8":"product_cat-face-masks","9":"product_cat-face-moisturizer","10":"product_cat-niacinamide","11":"product_cat-numbuzin","13":"first","14":"instock","15":"shipping-taxable","16":"purchasable","17":"product-type-simple"},"aioseo_notices":[],"jetpack_sharing_enabled":true,"_links":{"self":[{"href":"https:\/\/k-beautyci.com\/fr\/wp-json\/wp\/v2\/product\/8166","targetHints":{"allow":["GET"]}}],"collection":[{"href":"https:\/\/k-beautyci.com\/fr\/wp-json\/wp\/v2\/product"}],"about":[{"href":"https:\/\/k-beautyci.com\/fr\/wp-json\/wp\/v2\/types\/product"}],"replies":[{"embeddable":true,"href":"https:\/\/k-beautyci.com\/fr\/wp-json\/wp\/v2\/comments?post=8166"}],"wp:featuredmedia":[{"embeddable":true,"href":"https:\/\/k-beautyci.com\/fr\/wp-json\/wp\/v2\/media\/8175"}],"wp:attachment":[{"href":"https:\/\/k-beautyci.com\/fr\/wp-json\/wp\/v2\/media?parent=8166"}],"wp:term":[{"taxonomy":"product_brand","embeddable":true,"href":"https:\/\/k-beautyci.com\/fr\/wp-json\/wp\/v2\/product_brand?post=8166"},{"taxonomy":"product_cat","embeddable":true,"href":"https:\/\/k-beautyci.com\/fr\/wp-json\/wp\/v2\/product_cat?post=8166"},{"taxonomy":"product_tag","embeddable":true,"href":"https:\/\/k-beautyci.com\/fr\/wp-json\/wp\/v2\/product_tag?post=8166"}],"curies":[{"name":"wp","href":"https:\/\/api.w.org\/{rel}","templated":true}]}}