{"id":8159,"date":"2025-06-03T14:43:26","date_gmt":"2025-06-03T14:43:26","guid":{"rendered":"https:\/\/k-beautyci.com\/?post_type=product&#038;p=8159"},"modified":"2026-03-10T09:46:11","modified_gmt":"2026-03-10T09:46:11","slug":"numbuzin-no-5-glutathione-vitamin-facial-spa-cleanser","status":"publish","type":"product","link":"https:\/\/k-beautyci.com\/fr\/produit\/numbuzin-no-5-glutathione-vitamin-facial-spa-cleanser\/","title":{"rendered":"numbuzin No. 5 Glutathione Vitamin Facial Spa Cleanser"},"content":{"rendered":"<p><b>Comment l'utiliser :<\/b><br \/>\n1. Appliquer 2 \u00e0 3 fois sur les mains s\u00e8ches et frotter pour r\u00e9chauffer l'huile.<\/p>\n<p>2. Appliquer l'huile sur le visage et masser doucement pour dissoudre le maquillage.<\/p>\n<p>3. Emulsionner avec une petite quantit\u00e9 d'eau et rincer abondamment.<\/p>\n<p>Avertissement : Pour usage externe uniquement. Toujours effectuer un test \u00e9picutan\u00e9. Cessez d'utiliser le produit si vous ressentez une quelconque g\u00eane. Suivre les instructions suppl\u00e9mentaires figurant sur l'emballage. Les r\u00e9sultats individuels peuvent varier.<\/p>","protected":false},"excerpt":{"rendered":"<p>Cette huile nettoyante aromatique fait fondre toutes les traces de maquillage. La formule l\u00e9g\u00e8re mais nourrissante est infus\u00e9e de glutathion, de vitamine C et de niacinamide pour un soin antioxydant et \u00e9claircissant.<\/p>","protected":false},"featured_media":8165,"comment_status":"open","ping_status":"closed","template":"","meta":{"om_disable_all_campaigns":false},"product_brand":[],"product_cat":[63,74,190,72],"product_tag":[],"class_list":{"0":"post-8159","1":"product","2":"type-product","3":"status-publish","4":"has-post-thumbnail","6":"product_cat-makeup-removers","7":"product_cat-niacinamide","8":"product_cat-numbuzin","9":"product_cat-vitamin-c","11":"first","12":"outofstock","13":"shipping-taxable","14":"purchasable","15":"product-type-simple"},"aioseo_notices":[],"jetpack_sharing_enabled":true,"_links":{"self":[{"href":"https:\/\/k-beautyci.com\/fr\/wp-json\/wp\/v2\/product\/8159","targetHints":{"allow":["GET"]}}],"collection":[{"href":"https:\/\/k-beautyci.com\/fr\/wp-json\/wp\/v2\/product"}],"about":[{"href":"https:\/\/k-beautyci.com\/fr\/wp-json\/wp\/v2\/types\/product"}],"replies":[{"embeddable":true,"href":"https:\/\/k-beautyci.com\/fr\/wp-json\/wp\/v2\/comments?post=8159"}],"wp:featuredmedia":[{"embeddable":true,"href":"https:\/\/k-beautyci.com\/fr\/wp-json\/wp\/v2\/media\/8165"}],"wp:attachment":[{"href":"https:\/\/k-beautyci.com\/fr\/wp-json\/wp\/v2\/media?parent=8159"}],"wp:term":[{"taxonomy":"product_brand","embeddable":true,"href":"https:\/\/k-beautyci.com\/fr\/wp-json\/wp\/v2\/product_brand?post=8159"},{"taxonomy":"product_cat","embeddable":true,"href":"https:\/\/k-beautyci.com\/fr\/wp-json\/wp\/v2\/product_cat?post=8159"},{"taxonomy":"product_tag","embeddable":true,"href":"https:\/\/k-beautyci.com\/fr\/wp-json\/wp\/v2\/product_tag?post=8159"}],"curies":[{"name":"wp","href":"https:\/\/api.w.org\/{rel}","templated":true}]}}