{"id":8151,"date":"2025-06-03T14:50:35","date_gmt":"2025-06-03T14:50:35","guid":{"rendered":"https:\/\/k-beautyci.com\/?post_type=product&#038;p=8151"},"modified":"2026-03-16T10:08:47","modified_gmt":"2026-03-16T10:08:47","slug":"skin-1004-madagascar-centella-tea-trica-spot-cream","status":"publish","type":"product","link":"https:\/\/k-beautyci.com\/fr\/produit\/skin-1004-madagascar-centella-tea-trica-spot-cream\/","title":{"rendered":"SKIN 1004 Madagascar Centella Tea-Trica Spot Cream"},"content":{"rendered":"<p><b>Comment l'utiliser :<\/b><\/p>\n<ul>\n<li>Lors de la derni\u00e8re \u00e9tape de la routine de soins de la peau, appliquer une quantit\u00e9 appropri\u00e9e sur la zone affect\u00e9e une \u00e0 trois fois par jour ou selon les besoins.<\/li>\n<\/ul>\n<p>Avertissement : Pour usage externe uniquement. Toujours effectuer un test \u00e9picutan\u00e9. Cessez d'utiliser le produit si vous ressentez une quelconque g\u00eane. Suivre les instructions suppl\u00e9mentaires figurant sur l'emballage. Les r\u00e9sultats individuels peuvent varier.<\/p>","protected":false},"excerpt":{"rendered":"<p>Combattez l'acn\u00e9 naissante avec cette cr\u00e8me anti-taches ! Elle est infus\u00e9e d'eau de feuilles de th\u00e9ier, d'extrait de centella asiatica et de complexe de feuilles de pin pour apaiser intens\u00e9ment les peaux sensibles et irrit\u00e9es. La calamine est ajout\u00e9e pour absorber l'exc\u00e8s de s\u00e9bum et favoriser la clart\u00e9 de la peau. La texture gel p\u00e9n\u00e8tre rapidement dans la peau sans coller.<\/p>","protected":false},"featured_media":8155,"comment_status":"open","ping_status":"closed","template":"","meta":{"om_disable_all_campaigns":false},"product_brand":[],"product_cat":[60,78,88,26,33,94],"product_tag":[],"class_list":{"0":"post-8151","1":"product","2":"type-product","3":"status-publish","4":"has-post-thumbnail","6":"product_cat-acne","7":"product_cat-aha-bha","8":"product_cat-centella","9":"product_cat-face-moisturizer","10":"product_cat-face-treatments","11":"product_cat-skin-1004","13":"first","14":"instock","15":"shipping-taxable","16":"purchasable","17":"product-type-simple"},"aioseo_notices":[],"jetpack_sharing_enabled":true,"_links":{"self":[{"href":"https:\/\/k-beautyci.com\/fr\/wp-json\/wp\/v2\/product\/8151","targetHints":{"allow":["GET"]}}],"collection":[{"href":"https:\/\/k-beautyci.com\/fr\/wp-json\/wp\/v2\/product"}],"about":[{"href":"https:\/\/k-beautyci.com\/fr\/wp-json\/wp\/v2\/types\/product"}],"replies":[{"embeddable":true,"href":"https:\/\/k-beautyci.com\/fr\/wp-json\/wp\/v2\/comments?post=8151"}],"wp:featuredmedia":[{"embeddable":true,"href":"https:\/\/k-beautyci.com\/fr\/wp-json\/wp\/v2\/media\/8155"}],"wp:attachment":[{"href":"https:\/\/k-beautyci.com\/fr\/wp-json\/wp\/v2\/media?parent=8151"}],"wp:term":[{"taxonomy":"product_brand","embeddable":true,"href":"https:\/\/k-beautyci.com\/fr\/wp-json\/wp\/v2\/product_brand?post=8151"},{"taxonomy":"product_cat","embeddable":true,"href":"https:\/\/k-beautyci.com\/fr\/wp-json\/wp\/v2\/product_cat?post=8151"},{"taxonomy":"product_tag","embeddable":true,"href":"https:\/\/k-beautyci.com\/fr\/wp-json\/wp\/v2\/product_tag?post=8151"}],"curies":[{"name":"wp","href":"https:\/\/api.w.org\/{rel}","templated":true}]}}