{"id":8145,"date":"2025-06-03T15:41:47","date_gmt":"2025-06-03T15:41:47","guid":{"rendered":"https:\/\/k-beautyci.com\/?post_type=product&#038;p=8145"},"modified":"2025-08-05T14:16:46","modified_gmt":"2025-08-05T14:16:46","slug":"skin-1004-madagascar-centella-poremizing-clarifying-mask","status":"publish","type":"product","link":"https:\/\/k-beautyci.com\/fr\/produit\/skin-1004-madagascar-centella-poremizing-clarifying-mask\/","title":{"rendered":"SKIN 1004 Madagascar Centella Poremizing Clarifying Mask"},"content":{"rendered":"<p><b>Comment l'utiliser :<\/b><br \/>\n1. Apr\u00e8s avoir tonifi\u00e9 le visage, appliquer la feuille sur le visage.<\/p>\n<p>2. Retirez-le apr\u00e8s 10 \u00e0 20 minutes et tapotez pour faciliter l'absorption.<\/p>\n<p>Avertissement : Pour usage externe uniquement. Toujours effectuer un test \u00e9picutan\u00e9. Cessez d'utiliser le produit si vous ressentez une quelconque g\u00eane. Suivre les instructions suppl\u00e9mentaires figurant sur l'emballage. Les r\u00e9sultats individuels peuvent varier.<\/p>","protected":false},"excerpt":{"rendered":"<p>Impr\u00e9gn\u00e9 d'essence contenant de l'extrait de centella asiatica, de l'ad\u00e9nosine et du collag\u00e8ne v\u00e9g\u00e9tal, ce masque en feuille hydrate et apaise les peaux sensibles. Des ingr\u00e9dients suppl\u00e9mentaires tels que le sel rose de l'Himalaya, l'acide succinique, le BHA et le PHA purifient les pores et exfolient en douceur les cellules mortes pour une peau lisse et claire. Pour des r\u00e9sultats optimaux, appliquer sur le visage nettoy\u00e9 et tonifi\u00e9 avant de retirer le masque apr\u00e8s 10 \u00e0 20 minutes.<\/p>","protected":false},"featured_media":8149,"comment_status":"open","ping_status":"closed","template":"","meta":{"om_disable_all_campaigns":false},"product_brand":[],"product_cat":[78,62,94],"product_tag":[],"class_list":{"0":"post-8145","1":"product","2":"type-product","3":"status-publish","4":"has-post-thumbnail","6":"product_cat-aha-bha","7":"product_cat-face-masks","8":"product_cat-skin-1004","10":"first","11":"outofstock","12":"shipping-taxable","13":"purchasable","14":"product-type-simple"},"aioseo_notices":[],"jetpack_sharing_enabled":true,"_links":{"self":[{"href":"https:\/\/k-beautyci.com\/fr\/wp-json\/wp\/v2\/product\/8145","targetHints":{"allow":["GET"]}}],"collection":[{"href":"https:\/\/k-beautyci.com\/fr\/wp-json\/wp\/v2\/product"}],"about":[{"href":"https:\/\/k-beautyci.com\/fr\/wp-json\/wp\/v2\/types\/product"}],"replies":[{"embeddable":true,"href":"https:\/\/k-beautyci.com\/fr\/wp-json\/wp\/v2\/comments?post=8145"}],"wp:featuredmedia":[{"embeddable":true,"href":"https:\/\/k-beautyci.com\/fr\/wp-json\/wp\/v2\/media\/8149"}],"wp:attachment":[{"href":"https:\/\/k-beautyci.com\/fr\/wp-json\/wp\/v2\/media?parent=8145"}],"wp:term":[{"taxonomy":"product_brand","embeddable":true,"href":"https:\/\/k-beautyci.com\/fr\/wp-json\/wp\/v2\/product_brand?post=8145"},{"taxonomy":"product_cat","embeddable":true,"href":"https:\/\/k-beautyci.com\/fr\/wp-json\/wp\/v2\/product_cat?post=8145"},{"taxonomy":"product_tag","embeddable":true,"href":"https:\/\/k-beautyci.com\/fr\/wp-json\/wp\/v2\/product_tag?post=8145"}],"curies":[{"name":"wp","href":"https:\/\/api.w.org\/{rel}","templated":true}]}}