{"id":8141,"date":"2025-06-23T16:10:57","date_gmt":"2025-06-23T16:10:57","guid":{"rendered":"https:\/\/k-beautyci.com\/?post_type=product&#038;p=8141"},"modified":"2025-11-19T13:22:41","modified_gmt":"2025-11-19T13:22:41","slug":"skin-1004-madagascar-centella-tea-trica-relief-ampoule-100ml","status":"publish","type":"product","link":"https:\/\/k-beautyci.com\/fr\/produit\/skin-1004-madagascar-centella-tea-trica-relief-ampoule-100ml\/","title":{"rendered":"SKIN 1004 Madagascar Centella Tea-Trica Relief Ampoule 100ml"},"content":{"rendered":"<p><b>Comment l'utiliser :<\/b><\/p>\n<ul>\n<li>Pr\u00e9lever quelques gouttes d'ampoule et les r\u00e9partir d\u00e9licatement sur le visage.<\/li>\n<\/ul>\n<p>Avertissement : Pour usage externe uniquement. Toujours effectuer un test \u00e9picutan\u00e9. Cessez d'utiliser le produit si vous ressentez une quelconque g\u00eane. Suivre les instructions suppl\u00e9mentaires figurant sur l'emballage. Les r\u00e9sultats individuels peuvent varier.<\/p>","protected":false},"excerpt":{"rendered":"<p>Cette ampoule est formul\u00e9e avec de l'eau d'arbre \u00e0 th\u00e9 et de l'extrait de centella asiatica pour calmer instantan\u00e9ment la peau irrit\u00e9e et les pouss\u00e9es d'acn\u00e9. Elle est enrichie en ANTI-S\u00c9BUM P(HD) et en extrait de fleur d'onagre pour contr\u00f4ler la production de s\u00e9bum et minimiser les pores dilat\u00e9s. La texture liquide, l\u00e9g\u00e8re et rafra\u00eechissante, p\u00e9n\u00e8tre rapidement dans la peau sans laisser de sensation collante.<\/p>","protected":false},"featured_media":8144,"comment_status":"open","ping_status":"closed","template":"","meta":{"om_disable_all_campaigns":false},"product_brand":[],"product_cat":[60,88,31,41,94],"product_tag":[],"class_list":{"0":"post-8141","1":"product","2":"type-product","3":"status-publish","4":"has-post-thumbnail","6":"product_cat-acne","7":"product_cat-centella","8":"product_cat-face-serums","9":"product_cat-oily-skin","10":"product_cat-skin-1004","12":"first","13":"outofstock","14":"sale","15":"shipping-taxable","16":"purchasable","17":"product-type-simple"},"aioseo_notices":[],"jetpack_sharing_enabled":true,"_links":{"self":[{"href":"https:\/\/k-beautyci.com\/fr\/wp-json\/wp\/v2\/product\/8141","targetHints":{"allow":["GET"]}}],"collection":[{"href":"https:\/\/k-beautyci.com\/fr\/wp-json\/wp\/v2\/product"}],"about":[{"href":"https:\/\/k-beautyci.com\/fr\/wp-json\/wp\/v2\/types\/product"}],"replies":[{"embeddable":true,"href":"https:\/\/k-beautyci.com\/fr\/wp-json\/wp\/v2\/comments?post=8141"}],"wp:featuredmedia":[{"embeddable":true,"href":"https:\/\/k-beautyci.com\/fr\/wp-json\/wp\/v2\/media\/8144"}],"wp:attachment":[{"href":"https:\/\/k-beautyci.com\/fr\/wp-json\/wp\/v2\/media?parent=8141"}],"wp:term":[{"taxonomy":"product_brand","embeddable":true,"href":"https:\/\/k-beautyci.com\/fr\/wp-json\/wp\/v2\/product_brand?post=8141"},{"taxonomy":"product_cat","embeddable":true,"href":"https:\/\/k-beautyci.com\/fr\/wp-json\/wp\/v2\/product_cat?post=8141"},{"taxonomy":"product_tag","embeddable":true,"href":"https:\/\/k-beautyci.com\/fr\/wp-json\/wp\/v2\/product_tag?post=8141"}],"curies":[{"name":"wp","href":"https:\/\/api.w.org\/{rel}","templated":true}]}}