{"id":8131,"date":"2025-06-04T00:18:16","date_gmt":"2025-06-04T00:18:16","guid":{"rendered":"https:\/\/k-beautyci.com\/?post_type=product&#038;p=8131"},"modified":"2026-02-12T18:40:29","modified_gmt":"2026-02-12T18:40:29","slug":"skin1004-spot-cover-patch-22-patches","status":"publish","type":"product","link":"https:\/\/k-beautyci.com\/fr\/produit\/skin1004-spot-cover-patch-22-patches\/","title":{"rendered":"SKIN1004 Spot Cover Patch (22 Patches)"},"content":{"rendered":"<p>Comment l'utiliser :<\/p>\n<p>Appliquez le patch sur le bouton et appuyez pendant 2 \u00e0 3 secondes pour le fixer. Laisser agir jusqu'\u00e0 ce que le patch se soul\u00e8ve et devienne trouble.\u00a0Pour de meilleurs r\u00e9sultats, ne laissez pas le patch en place plus de 12 heures avant de l'enlever ou de le changer.<\/p>\n<p>Avertissement : Pour usage externe uniquement. Toujours effectuer un test \u00e9picutan\u00e9. Cessez d'utiliser le produit si vous ressentez une quelconque g\u00eane. Suivre les instructions suppl\u00e9mentaires figurant sur l'emballage. Les r\u00e9sultats individuels peuvent varier.<\/p>\n<p>22 patches: 12mm (10pcs), 10mm (12pcs).<\/p>","protected":false},"excerpt":{"rendered":"<p>Ce patch hydrocollo\u00efde contre l'acn\u00e9 absorbe l'exc\u00e8s de s\u00e9bum et le pus de la peau perturb\u00e9e tout en la prot\u00e9geant contre les agressions ext\u00e9rieures. Il est enrichi du complexe Cica pour apaiser la peau. Le patch semi-transparent se fond parfaitement dans la peau. Chaque paquet contient des patchs de deux tailles diff\u00e9rentes pour un traitement cibl\u00e9 de l'acn\u00e9.<\/p>","protected":false},"featured_media":8135,"comment_status":"open","ping_status":"closed","template":"","meta":{"om_disable_all_campaigns":false},"product_brand":[],"product_cat":[60,88,62,94],"product_tag":[],"class_list":{"0":"post-8131","1":"product","2":"type-product","3":"status-publish","4":"has-post-thumbnail","6":"product_cat-acne","7":"product_cat-centella","8":"product_cat-face-masks","9":"product_cat-skin-1004","11":"first","12":"instock","13":"sale","14":"shipping-taxable","15":"purchasable","16":"product-type-simple"},"aioseo_notices":[],"jetpack_sharing_enabled":true,"_links":{"self":[{"href":"https:\/\/k-beautyci.com\/fr\/wp-json\/wp\/v2\/product\/8131","targetHints":{"allow":["GET"]}}],"collection":[{"href":"https:\/\/k-beautyci.com\/fr\/wp-json\/wp\/v2\/product"}],"about":[{"href":"https:\/\/k-beautyci.com\/fr\/wp-json\/wp\/v2\/types\/product"}],"replies":[{"embeddable":true,"href":"https:\/\/k-beautyci.com\/fr\/wp-json\/wp\/v2\/comments?post=8131"}],"wp:featuredmedia":[{"embeddable":true,"href":"https:\/\/k-beautyci.com\/fr\/wp-json\/wp\/v2\/media\/8135"}],"wp:attachment":[{"href":"https:\/\/k-beautyci.com\/fr\/wp-json\/wp\/v2\/media?parent=8131"}],"wp:term":[{"taxonomy":"product_brand","embeddable":true,"href":"https:\/\/k-beautyci.com\/fr\/wp-json\/wp\/v2\/product_brand?post=8131"},{"taxonomy":"product_cat","embeddable":true,"href":"https:\/\/k-beautyci.com\/fr\/wp-json\/wp\/v2\/product_cat?post=8131"},{"taxonomy":"product_tag","embeddable":true,"href":"https:\/\/k-beautyci.com\/fr\/wp-json\/wp\/v2\/product_tag?post=8131"}],"curies":[{"name":"wp","href":"https:\/\/api.w.org\/{rel}","templated":true}]}}