{"id":8126,"date":"2025-06-03T14:46:11","date_gmt":"2025-06-03T14:46:11","guid":{"rendered":"https:\/\/k-beautyci.com\/?post_type=product&#038;p=8126"},"modified":"2026-01-10T10:53:12","modified_gmt":"2026-01-10T10:53:12","slug":"skin1004-madagascar-centella-tea-trica-purifying-toner","status":"publish","type":"product","link":"https:\/\/k-beautyci.com\/fr\/produit\/skin1004-madagascar-centella-tea-trica-purifying-toner\/","title":{"rendered":"SKIN1004 Madagascar Centella Tea-Trica Purifying Toner"},"content":{"rendered":"<p>Comment l'utiliser :<\/p>\n<p>Apr\u00e8s le nettoyage, appliquez quelques gouttes sur vos doigts ou sur un coton. Appliquer ensuite par l\u00e9gers tapotements sur le visage.<\/p>\n<p>Avertissement : Pour usage externe uniquement. Toujours effectuer un test \u00e9picutan\u00e9. Cessez d'utiliser le produit si vous ressentez une quelconque g\u00eane. Suivre les instructions suppl\u00e9mentaires figurant sur l'emballage. Les r\u00e9sultats individuels peuvent varier.<\/p>","protected":false},"excerpt":{"rendered":"<p>Indispensable pour les peaux grasses et sujettes \u00e0 l'acn\u00e9, ce tonique est enrichi d'une combinaison d'extraits d'arbre \u00e0 th\u00e9, de complexe de pin et d'extrait de centella asiatica pour apaiser et hydrater la peau. Le complexe CS-Sebum cleaner (HD), compos\u00e9 d'extraits de lavande et de ch\u00e2taigne, \u00e9limine l'exc\u00e8s de s\u00e9bum, tandis que le BHA \u00e9limine les cellules mortes de la peau et d\u00e9sobstrue les pores. La formule aqueuse p\u00e9n\u00e8tre rapidement dans la peau pour une sensation de fra\u00eecheur.<\/p>","protected":false},"featured_media":8130,"comment_status":"open","ping_status":"closed","template":"","meta":{"om_disable_all_campaigns":false},"product_brand":[],"product_cat":[60,88,39,41,94],"product_tag":[],"class_list":{"0":"post-8126","1":"product","2":"type-product","3":"status-publish","4":"has-post-thumbnail","6":"product_cat-acne","7":"product_cat-centella","8":"product_cat-face-toners","9":"product_cat-oily-skin","10":"product_cat-skin-1004","12":"first","13":"instock","14":"shipping-taxable","15":"purchasable","16":"product-type-simple"},"aioseo_notices":[],"jetpack_sharing_enabled":true,"_links":{"self":[{"href":"https:\/\/k-beautyci.com\/fr\/wp-json\/wp\/v2\/product\/8126","targetHints":{"allow":["GET"]}}],"collection":[{"href":"https:\/\/k-beautyci.com\/fr\/wp-json\/wp\/v2\/product"}],"about":[{"href":"https:\/\/k-beautyci.com\/fr\/wp-json\/wp\/v2\/types\/product"}],"replies":[{"embeddable":true,"href":"https:\/\/k-beautyci.com\/fr\/wp-json\/wp\/v2\/comments?post=8126"}],"wp:featuredmedia":[{"embeddable":true,"href":"https:\/\/k-beautyci.com\/fr\/wp-json\/wp\/v2\/media\/8130"}],"wp:attachment":[{"href":"https:\/\/k-beautyci.com\/fr\/wp-json\/wp\/v2\/media?parent=8126"}],"wp:term":[{"taxonomy":"product_brand","embeddable":true,"href":"https:\/\/k-beautyci.com\/fr\/wp-json\/wp\/v2\/product_brand?post=8126"},{"taxonomy":"product_cat","embeddable":true,"href":"https:\/\/k-beautyci.com\/fr\/wp-json\/wp\/v2\/product_cat?post=8126"},{"taxonomy":"product_tag","embeddable":true,"href":"https:\/\/k-beautyci.com\/fr\/wp-json\/wp\/v2\/product_tag?post=8126"}],"curies":[{"name":"wp","href":"https:\/\/api.w.org\/{rel}","templated":true}]}}