{"id":8112,"date":"2025-06-03T17:31:27","date_gmt":"2025-06-03T17:31:27","guid":{"rendered":"https:\/\/k-beautyci.com\/?post_type=product&#038;p=8112"},"modified":"2025-12-30T06:26:09","modified_gmt":"2025-12-30T06:26:09","slug":"medicube-pdrn-pink-niacinamide-milky-toner","status":"publish","type":"product","link":"https:\/\/k-beautyci.com\/fr\/produit\/medicube-pdrn-pink-niacinamide-milky-toner\/","title":{"rendered":"medicube  PDRN Pink Niacinamide Milky Toner"},"content":{"rendered":"<p><b>Comment l'utiliser :<\/b><\/p>\n<p>Appliquer une quantit\u00e9 mod\u00e9r\u00e9e sur l'ensemble du visage et tamponner d\u00e9licatement pour absorber.<\/p>\n<p>Avertissement : Pour usage externe uniquement. Toujours effectuer un test \u00e9picutan\u00e9. Cessez d'utiliser le produit si vous ressentez une quelconque g\u00eane. Suivre les instructions suppl\u00e9mentaires figurant sur l'emballage. Les r\u00e9sultats individuels peuvent varier.<\/p>","protected":false},"excerpt":{"rendered":"<p>Un tonique laiteux enrichi en PDRN qui aide \u00e0 rendre la peau ros\u00e9e et hydrat\u00e9e avec un \u00e9clat rose. L'ADN de saumon PDRN donne \u00e0 la peau un \u00e9clat de verre en ciblant le teint in\u00e9gal, les peptides contribuent \u00e0 am\u00e9liorer l'\u00e9lasticit\u00e9 de la peau, le niacinamide permet d'obtenir une peau lisse avec un teint sain et le c\u00e9ramide am\u00e9liore l'\u00e9clat et la fermet\u00e9 de la peau.<\/p>","protected":false},"featured_media":8125,"comment_status":"open","ping_status":"closed","template":"","meta":{"om_disable_all_campaigns":false},"product_brand":[],"product_cat":[39,215,238],"product_tag":[],"class_list":{"0":"post-8112","1":"product","2":"type-product","3":"status-publish","4":"has-post-thumbnail","6":"product_cat-face-toners","7":"product_cat-medicube","8":"product_cat-pdrn","10":"first","11":"outofstock","12":"sale","13":"shipping-taxable","14":"purchasable","15":"product-type-simple"},"aioseo_notices":[],"jetpack_sharing_enabled":true,"_links":{"self":[{"href":"https:\/\/k-beautyci.com\/fr\/wp-json\/wp\/v2\/product\/8112","targetHints":{"allow":["GET"]}}],"collection":[{"href":"https:\/\/k-beautyci.com\/fr\/wp-json\/wp\/v2\/product"}],"about":[{"href":"https:\/\/k-beautyci.com\/fr\/wp-json\/wp\/v2\/types\/product"}],"replies":[{"embeddable":true,"href":"https:\/\/k-beautyci.com\/fr\/wp-json\/wp\/v2\/comments?post=8112"}],"wp:featuredmedia":[{"embeddable":true,"href":"https:\/\/k-beautyci.com\/fr\/wp-json\/wp\/v2\/media\/8125"}],"wp:attachment":[{"href":"https:\/\/k-beautyci.com\/fr\/wp-json\/wp\/v2\/media?parent=8112"}],"wp:term":[{"taxonomy":"product_brand","embeddable":true,"href":"https:\/\/k-beautyci.com\/fr\/wp-json\/wp\/v2\/product_brand?post=8112"},{"taxonomy":"product_cat","embeddable":true,"href":"https:\/\/k-beautyci.com\/fr\/wp-json\/wp\/v2\/product_cat?post=8112"},{"taxonomy":"product_tag","embeddable":true,"href":"https:\/\/k-beautyci.com\/fr\/wp-json\/wp\/v2\/product_tag?post=8112"}],"curies":[{"name":"wp","href":"https:\/\/api.w.org\/{rel}","templated":true}]}}