{"id":8100,"date":"2025-06-03T15:47:14","date_gmt":"2025-06-03T15:47:14","guid":{"rendered":"https:\/\/k-beautyci.com\/?post_type=product&#038;p=8100"},"modified":"2025-10-10T18:05:40","modified_gmt":"2025-10-10T18:05:40","slug":"fully-pore-cleansing-brush","status":"publish","type":"product","link":"https:\/\/k-beautyci.com\/fr\/produit\/fully-pore-cleansing-brush\/","title":{"rendered":"FULLY Pore Cleansing Brush"},"content":{"rendered":"","protected":false},"excerpt":{"rendered":"<p>La brosse Fully Pore Cleansing est indispensable pour un nettoyage en profondeur de votre peau ! Cette brosse est sp\u00e9cialement con\u00e7ue pour \u00e9liminer les impuret\u00e9s et l'exc\u00e8s de s\u00e9bum de vos pores, laissant votre peau fra\u00eeche, propre et \u00e9clatante. Gr\u00e2ce \u00e0 son design fin, vous pouvez utiliser la brosse aussi bien sur les grandes surfaces, comme les joues et le front, que sur les zones difficiles d'acc\u00e8s autour du nez et des l\u00e8vres.<\/p>\n<p>Parfaite pour une utilisation quotidienne dans le cadre de votre routine de nettoyage, cette brosse \u00e0 pores aide \u00e0 pr\u00e9parer votre peau \u00e0 recevoir le reste de vos produits de soin. Associez-la \u00e0 votre nettoyant pr\u00e9f\u00e9r\u00e9 pour une exp\u00e9rience luxueuse, digne d'un spa, \u00e0 la maison !<\/p>","protected":false},"featured_media":8106,"comment_status":"open","ping_status":"closed","template":"","meta":{"om_disable_all_campaigns":false},"product_brand":[],"product_cat":[229],"product_tag":[],"class_list":{"0":"post-8100","1":"product","2":"type-product","3":"status-publish","4":"has-post-thumbnail","6":"product_cat-fully","8":"first","9":"outofstock","10":"sale","11":"shipping-taxable","12":"purchasable","13":"product-type-simple"},"aioseo_notices":[],"jetpack_sharing_enabled":true,"_links":{"self":[{"href":"https:\/\/k-beautyci.com\/fr\/wp-json\/wp\/v2\/product\/8100","targetHints":{"allow":["GET"]}}],"collection":[{"href":"https:\/\/k-beautyci.com\/fr\/wp-json\/wp\/v2\/product"}],"about":[{"href":"https:\/\/k-beautyci.com\/fr\/wp-json\/wp\/v2\/types\/product"}],"replies":[{"embeddable":true,"href":"https:\/\/k-beautyci.com\/fr\/wp-json\/wp\/v2\/comments?post=8100"}],"wp:featuredmedia":[{"embeddable":true,"href":"https:\/\/k-beautyci.com\/fr\/wp-json\/wp\/v2\/media\/8106"}],"wp:attachment":[{"href":"https:\/\/k-beautyci.com\/fr\/wp-json\/wp\/v2\/media?parent=8100"}],"wp:term":[{"taxonomy":"product_brand","embeddable":true,"href":"https:\/\/k-beautyci.com\/fr\/wp-json\/wp\/v2\/product_brand?post=8100"},{"taxonomy":"product_cat","embeddable":true,"href":"https:\/\/k-beautyci.com\/fr\/wp-json\/wp\/v2\/product_cat?post=8100"},{"taxonomy":"product_tag","embeddable":true,"href":"https:\/\/k-beautyci.com\/fr\/wp-json\/wp\/v2\/product_tag?post=8100"}],"curies":[{"name":"wp","href":"https:\/\/api.w.org\/{rel}","templated":true}]}}