{"id":8085,"date":"2025-06-03T15:48:19","date_gmt":"2025-06-03T15:48:19","guid":{"rendered":"https:\/\/k-beautyci.com\/?post_type=product&#038;p=8085"},"modified":"2025-12-24T22:31:36","modified_gmt":"2025-12-24T22:31:36","slug":"anua-pdrn-hyaluronic-acid-100-moisturizing-cream","status":"publish","type":"product","link":"https:\/\/k-beautyci.com\/fr\/produit\/anua-pdrn-hyaluronic-acid-100-moisturizing-cream\/","title":{"rendered":"Anua &#8211; PDRN Hyaluronic Acid 100 Moisturizing Cream"},"content":{"rendered":"<p><b>Comment l'utiliser :<\/b><\/p>\n<p>Appliquer une quantit\u00e9 suffisante et tapoter doucement sur le visage jusqu'\u00e0 absorption compl\u00e8te.<\/p>\n<p>Avertissement : Pour usage externe uniquement. Toujours effectuer un test \u00e9picutan\u00e9. Cessez d'utiliser le produit si vous ressentez une quelconque g\u00eane. Suivre les instructions suppl\u00e9mentaires figurant sur l'emballage. Les r\u00e9sultats individuels peuvent varier.<\/p>","protected":false},"excerpt":{"rendered":"<p>Une cr\u00e8me hydratante infus\u00e9e de PDRN et de 10 types d'acides hyaluroniques pour revitaliser la peau en la conditionnant, en stimulant l'\u00e9clat et en reconstituant l'hydratation essentielle. Formul\u00e9e avec du collag\u00e8ne hydrolys\u00e9 pour am\u00e9liorer l'\u00e9lasticit\u00e9 de la peau.<\/p>","protected":false},"featured_media":8364,"comment_status":"open","ping_status":"closed","template":"","meta":{"om_disable_all_campaigns":false},"product_brand":[],"product_cat":[57,183,26,69,238],"product_tag":[],"class_list":{"0":"post-8085","1":"product","2":"type-product","3":"status-publish","4":"has-post-thumbnail","6":"product_cat-anti-aging","7":"product_cat-anua","8":"product_cat-face-moisturizer","9":"product_cat-hyaluronic-acid","10":"product_cat-pdrn","12":"first","13":"instock","14":"shipping-taxable","15":"purchasable","16":"product-type-simple"},"aioseo_notices":[],"jetpack_sharing_enabled":true,"_links":{"self":[{"href":"https:\/\/k-beautyci.com\/fr\/wp-json\/wp\/v2\/product\/8085","targetHints":{"allow":["GET"]}}],"collection":[{"href":"https:\/\/k-beautyci.com\/fr\/wp-json\/wp\/v2\/product"}],"about":[{"href":"https:\/\/k-beautyci.com\/fr\/wp-json\/wp\/v2\/types\/product"}],"replies":[{"embeddable":true,"href":"https:\/\/k-beautyci.com\/fr\/wp-json\/wp\/v2\/comments?post=8085"}],"wp:featuredmedia":[{"embeddable":true,"href":"https:\/\/k-beautyci.com\/fr\/wp-json\/wp\/v2\/media\/8364"}],"wp:attachment":[{"href":"https:\/\/k-beautyci.com\/fr\/wp-json\/wp\/v2\/media?parent=8085"}],"wp:term":[{"taxonomy":"product_brand","embeddable":true,"href":"https:\/\/k-beautyci.com\/fr\/wp-json\/wp\/v2\/product_brand?post=8085"},{"taxonomy":"product_cat","embeddable":true,"href":"https:\/\/k-beautyci.com\/fr\/wp-json\/wp\/v2\/product_cat?post=8085"},{"taxonomy":"product_tag","embeddable":true,"href":"https:\/\/k-beautyci.com\/fr\/wp-json\/wp\/v2\/product_tag?post=8085"}],"curies":[{"name":"wp","href":"https:\/\/api.w.org\/{rel}","templated":true}]}}