{"id":8075,"date":"2025-06-24T12:52:35","date_gmt":"2025-06-24T12:52:35","guid":{"rendered":"https:\/\/k-beautyci.com\/?post_type=product&#038;p=8075"},"modified":"2026-01-30T19:19:45","modified_gmt":"2026-01-30T19:19:45","slug":"abib-heartleaf-calming-spot-patch","status":"publish","type":"product","link":"https:\/\/k-beautyci.com\/fr\/produit\/abib-heartleaf-calming-spot-patch\/","title":{"rendered":"Abib &#8211; Heartleaf Calming Spot Patch"},"content":{"rendered":"<p><b>Comment l'utiliser :<\/b><br \/>\n1. Nettoyez la zone cibl\u00e9e, puis attendez que la peau s\u00e8che.<\/p>\n<p>2. Appliquer le patch sur la zone affect\u00e9e et laisser agir pendant 6 \u00e0 8 heures.<\/p>\n<p>3. Peler la plaque lorsqu'elle devient blanche.<\/p>\n<p>Avertissement : Pour usage externe uniquement. Toujours effectuer un test \u00e9picutan\u00e9. Cessez d'utiliser le produit si vous ressentez une quelconque g\u00eane. Suivre les instructions suppl\u00e9mentaires figurant sur l'emballage. Les r\u00e9sultats individuels peuvent varier.<\/p>","protected":false},"excerpt":{"rendered":"<p>Ces patchs hydrocollo\u00efdes enrichis d'extraits apaisants d'houttuynia cordata et de cica et d'huile d'arbre \u00e0 th\u00e9 anti-acn\u00e9 absorbent le pus et le s\u00e9bum pour une gu\u00e9rison rapide de l'acn\u00e9. Leur mat\u00e9riau imperm\u00e9able et hautement adh\u00e9sif leur permet de rester sur la peau toute la journ\u00e9e pour une protection durable. Le paquet contient 78 pi\u00e8ces, dont 30 patchs de 12 mm et 48 patchs de 10 mm.<\/p>","protected":false},"featured_media":8084,"comment_status":"open","ping_status":"closed","template":"","meta":{"om_disable_all_campaigns":false},"product_brand":[],"product_cat":[158,60,88],"product_tag":[],"class_list":{"0":"post-8075","1":"product","2":"type-product","3":"status-publish","4":"has-post-thumbnail","6":"product_cat-abib","7":"product_cat-acne","8":"product_cat-centella","10":"first","11":"instock","12":"shipping-taxable","13":"purchasable","14":"product-type-simple"},"aioseo_notices":[],"jetpack_sharing_enabled":true,"_links":{"self":[{"href":"https:\/\/k-beautyci.com\/fr\/wp-json\/wp\/v2\/product\/8075","targetHints":{"allow":["GET"]}}],"collection":[{"href":"https:\/\/k-beautyci.com\/fr\/wp-json\/wp\/v2\/product"}],"about":[{"href":"https:\/\/k-beautyci.com\/fr\/wp-json\/wp\/v2\/types\/product"}],"replies":[{"embeddable":true,"href":"https:\/\/k-beautyci.com\/fr\/wp-json\/wp\/v2\/comments?post=8075"}],"wp:featuredmedia":[{"embeddable":true,"href":"https:\/\/k-beautyci.com\/fr\/wp-json\/wp\/v2\/media\/8084"}],"wp:attachment":[{"href":"https:\/\/k-beautyci.com\/fr\/wp-json\/wp\/v2\/media?parent=8075"}],"wp:term":[{"taxonomy":"product_brand","embeddable":true,"href":"https:\/\/k-beautyci.com\/fr\/wp-json\/wp\/v2\/product_brand?post=8075"},{"taxonomy":"product_cat","embeddable":true,"href":"https:\/\/k-beautyci.com\/fr\/wp-json\/wp\/v2\/product_cat?post=8075"},{"taxonomy":"product_tag","embeddable":true,"href":"https:\/\/k-beautyci.com\/fr\/wp-json\/wp\/v2\/product_tag?post=8075"}],"curies":[{"name":"wp","href":"https:\/\/api.w.org\/{rel}","templated":true}]}}