{"id":8061,"date":"2025-06-23T15:59:27","date_gmt":"2025-06-23T15:59:27","guid":{"rendered":"https:\/\/k-beautyci.com\/?post_type=product&#038;p=8061"},"modified":"2026-03-30T22:04:25","modified_gmt":"2026-03-30T22:04:25","slug":"dr-althea-gentle-vitamin-c-serum","status":"publish","type":"product","link":"https:\/\/k-beautyci.com\/fr\/produit\/dr-althea-gentle-vitamin-c-serum\/","title":{"rendered":"Dr. Althea Gentle Vitamin C Serum"},"content":{"rendered":"<p>Comment l'utiliser :<\/p>\n<div class=\"description-item active\">\n<div class=\"body\">\n<p>Apr\u00e8s la lotion tonique, appliquer une quantit\u00e9 mod\u00e9r\u00e9e de s\u00e9rum sur le visage et le cou. Tapoter doucement pour une meilleure absorption. Si le s\u00e9rum est appliqu\u00e9 le matin, appliquer ensuite une protection solaire suffisante.<\/p>\n<p>Avertissement : Pour usage externe uniquement. Toujours effectuer un test \u00e9picutan\u00e9. Cessez d'utiliser le produit si vous ressentez une quelconque g\u00eane. Suivre les instructions suppl\u00e9mentaires figurant sur l'emballage. Les r\u00e9sultats individuels peuvent varier.<\/p>\n<\/div>\n<\/div>\n<div class=\"description-item\">\n<h2 class=\"title\"><\/h2>\n<\/div>","protected":false},"excerpt":{"rendered":"<p>Ce s\u00e9rum quotidien doux contient des capsules d'huile riches en vitamines qui stimulent l'hydratation, \u00e9claircissent la peau et renforcent la vitalit\u00e9. Convient aux d\u00e9butants et aux peaux sensibles ! Ce s\u00e9rum enrichi en niacinamide, en acide ascorbique et en extrait de fruit d'hippophae rhamnoides, riche en vitamine C, permet d'\u00e9claircir la peau. Le s\u00e9rum estompe l'hyperpigmentation et laisse la peau lisse et \u00e9clatante. Il contient \u00e9galement de l'eau de feuilles de camellia sinensis pour apaiser la peau. La consistance aqueuse de la formule est rapidement absorb\u00e9e par la peau pour un fini non collant.<\/p>","protected":false},"featured_media":8065,"comment_status":"open","ping_status":"closed","template":"","meta":{"om_disable_all_campaigns":false},"product_brand":[],"product_cat":[52,207,31,72],"product_tag":[],"class_list":{"0":"post-8061","1":"product","2":"type-product","3":"status-publish","4":"has-post-thumbnail","6":"product_cat-dark-spots","7":"product_cat-dr-althea","8":"product_cat-face-serums","9":"product_cat-vitamin-c","11":"first","12":"instock","13":"shipping-taxable","14":"purchasable","15":"product-type-simple"},"aioseo_notices":[],"jetpack_sharing_enabled":true,"_links":{"self":[{"href":"https:\/\/k-beautyci.com\/fr\/wp-json\/wp\/v2\/product\/8061","targetHints":{"allow":["GET"]}}],"collection":[{"href":"https:\/\/k-beautyci.com\/fr\/wp-json\/wp\/v2\/product"}],"about":[{"href":"https:\/\/k-beautyci.com\/fr\/wp-json\/wp\/v2\/types\/product"}],"replies":[{"embeddable":true,"href":"https:\/\/k-beautyci.com\/fr\/wp-json\/wp\/v2\/comments?post=8061"}],"wp:featuredmedia":[{"embeddable":true,"href":"https:\/\/k-beautyci.com\/fr\/wp-json\/wp\/v2\/media\/8065"}],"wp:attachment":[{"href":"https:\/\/k-beautyci.com\/fr\/wp-json\/wp\/v2\/media?parent=8061"}],"wp:term":[{"taxonomy":"product_brand","embeddable":true,"href":"https:\/\/k-beautyci.com\/fr\/wp-json\/wp\/v2\/product_brand?post=8061"},{"taxonomy":"product_cat","embeddable":true,"href":"https:\/\/k-beautyci.com\/fr\/wp-json\/wp\/v2\/product_cat?post=8061"},{"taxonomy":"product_tag","embeddable":true,"href":"https:\/\/k-beautyci.com\/fr\/wp-json\/wp\/v2\/product_tag?post=8061"}],"curies":[{"name":"wp","href":"https:\/\/api.w.org\/{rel}","templated":true}]}}