{"id":8053,"date":"2025-06-03T16:35:44","date_gmt":"2025-06-03T16:35:44","guid":{"rendered":"https:\/\/k-beautyci.com\/?post_type=product&#038;p=8053"},"modified":"2025-06-26T11:47:33","modified_gmt":"2025-06-26T11:47:33","slug":"frudia-citrus-brightening-micro-cleansing-foam","status":"publish","type":"product","link":"https:\/\/k-beautyci.com\/fr\/produit\/frudia-citrus-brightening-micro-cleansing-foam\/","title":{"rendered":"FRUDIA Citrus Brightening Micro Cleansing Foam"},"content":{"rendered":"<p><b>Comment l'utiliser :<\/b><br \/>\n1. Lors de l'\u00e9tape du nettoyage, pr\u00e9lever une quantit\u00e9 mod\u00e9r\u00e9e de mousse nettoyante et frotter pour faire mousser.<\/p>\n<p>2. Masser d\u00e9licatement l'ensemble du visage et rincer \u00e0 l'eau ti\u00e8de.<\/p>\n<p>Avertissement : Pour usage externe uniquement. Toujours effectuer un test \u00e9picutan\u00e9. Cessez d'utiliser le produit si vous ressentez une quelconque g\u00eane. Suivre les instructions suppl\u00e9mentaires figurant sur la bo\u00eete. Les r\u00e9sultats individuels peuvent varier.<\/p>","protected":false},"excerpt":{"rendered":"<p>Cette mousse nettoyante \u00e9claircissante contient de l'extrait de feuille de cypr\u00e8s, de l'extrait de feuille d'eucalyptus, de l'extrait de bambou et de l'extrait de feuille de moringa pour \u00e9liminer les cellules mortes et les impuret\u00e9s et d\u00e9sobstruer les pores. La formule \u00e0 la texture de cr\u00e8me fouett\u00e9e est douce pour la peau et ne la d\u00e9shydrate pas pendant le nettoyage.<\/p>","protected":false},"featured_media":8054,"comment_status":"open","ping_status":"closed","template":"","meta":{"om_disable_all_campaigns":false},"product_brand":[],"product_cat":[35,169],"product_tag":[],"class_list":{"0":"post-8053","1":"product","2":"type-product","3":"status-publish","4":"has-post-thumbnail","6":"product_cat-face-cleansers","7":"product_cat-frudia","9":"first","10":"instock","11":"sale","12":"shipping-taxable","13":"purchasable","14":"product-type-simple"},"aioseo_notices":[],"jetpack_sharing_enabled":true,"_links":{"self":[{"href":"https:\/\/k-beautyci.com\/fr\/wp-json\/wp\/v2\/product\/8053","targetHints":{"allow":["GET"]}}],"collection":[{"href":"https:\/\/k-beautyci.com\/fr\/wp-json\/wp\/v2\/product"}],"about":[{"href":"https:\/\/k-beautyci.com\/fr\/wp-json\/wp\/v2\/types\/product"}],"replies":[{"embeddable":true,"href":"https:\/\/k-beautyci.com\/fr\/wp-json\/wp\/v2\/comments?post=8053"}],"wp:featuredmedia":[{"embeddable":true,"href":"https:\/\/k-beautyci.com\/fr\/wp-json\/wp\/v2\/media\/8054"}],"wp:attachment":[{"href":"https:\/\/k-beautyci.com\/fr\/wp-json\/wp\/v2\/media?parent=8053"}],"wp:term":[{"taxonomy":"product_brand","embeddable":true,"href":"https:\/\/k-beautyci.com\/fr\/wp-json\/wp\/v2\/product_brand?post=8053"},{"taxonomy":"product_cat","embeddable":true,"href":"https:\/\/k-beautyci.com\/fr\/wp-json\/wp\/v2\/product_cat?post=8053"},{"taxonomy":"product_tag","embeddable":true,"href":"https:\/\/k-beautyci.com\/fr\/wp-json\/wp\/v2\/product_tag?post=8053"}],"curies":[{"name":"wp","href":"https:\/\/api.w.org\/{rel}","templated":true}]}}