{"id":8048,"date":"2025-06-03T17:48:00","date_gmt":"2025-06-03T17:48:00","guid":{"rendered":"https:\/\/k-beautyci.com\/?post_type=product&#038;p=8048"},"modified":"2025-12-04T14:17:12","modified_gmt":"2025-12-04T14:17:12","slug":"purito-seoul-pure-vitamin-c-serum-renewal","status":"publish","type":"product","link":"https:\/\/k-beautyci.com\/fr\/produit\/purito-seoul-pure-vitamin-c-serum-renewal\/","title":{"rendered":"Purito SEOUL Pure Vitamin C Serum (Renewal)"},"content":{"rendered":"<p>Comment l'utiliser :<\/p>\n<p>Apr\u00e8s avoir nettoy\u00e9 et tonifi\u00e9 la peau, appliquer le s\u00e9rum uniform\u00e9ment sur le visage et tapoter d\u00e9licatement la peau pour faciliter l'absorption. Appliquer ensuite le reste de la routine de soins de la peau. \u00c9viter les yeux et la bouche.<\/p>\n<p>&nbsp;<\/p>\n<p>Avertissement : Pour usage externe uniquement. Toujours effectuer un test \u00e9picutan\u00e9. Cessez d'utiliser le produit si vous ressentez une quelconque g\u00eane. Suivre les instructions suppl\u00e9mentaires figurant sur la bo\u00eete. Les r\u00e9sultats individuels peuvent varier.<\/p>","protected":false},"excerpt":{"rendered":"<p>Ce s\u00e9rum \u00e9claircissant contient 5 % de vitamine C et 89 % d'acide hyaluronique pour unifier le teint de la peau tout en hydratant durablement la peau terne et s\u00e8che. D'autres ingr\u00e9dients ont \u00e9galement des propri\u00e9t\u00e9s anti-\u00e2ge et r\u00e9duisent l'apparence des taches brunes.<\/p>","protected":false},"featured_media":8052,"comment_status":"open","ping_status":"closed","template":"","meta":{"om_disable_all_campaigns":false},"product_brand":[],"product_cat":[52,31,200,72],"product_tag":[],"class_list":{"0":"post-8048","1":"product","2":"type-product","3":"status-publish","4":"has-post-thumbnail","6":"product_cat-dark-spots","7":"product_cat-face-serums","8":"product_cat-purito","9":"product_cat-vitamin-c","11":"first","12":"outofstock","13":"sale","14":"shipping-taxable","15":"purchasable","16":"product-type-simple"},"aioseo_notices":[],"jetpack_sharing_enabled":true,"_links":{"self":[{"href":"https:\/\/k-beautyci.com\/fr\/wp-json\/wp\/v2\/product\/8048","targetHints":{"allow":["GET"]}}],"collection":[{"href":"https:\/\/k-beautyci.com\/fr\/wp-json\/wp\/v2\/product"}],"about":[{"href":"https:\/\/k-beautyci.com\/fr\/wp-json\/wp\/v2\/types\/product"}],"replies":[{"embeddable":true,"href":"https:\/\/k-beautyci.com\/fr\/wp-json\/wp\/v2\/comments?post=8048"}],"wp:featuredmedia":[{"embeddable":true,"href":"https:\/\/k-beautyci.com\/fr\/wp-json\/wp\/v2\/media\/8052"}],"wp:attachment":[{"href":"https:\/\/k-beautyci.com\/fr\/wp-json\/wp\/v2\/media?parent=8048"}],"wp:term":[{"taxonomy":"product_brand","embeddable":true,"href":"https:\/\/k-beautyci.com\/fr\/wp-json\/wp\/v2\/product_brand?post=8048"},{"taxonomy":"product_cat","embeddable":true,"href":"https:\/\/k-beautyci.com\/fr\/wp-json\/wp\/v2\/product_cat?post=8048"},{"taxonomy":"product_tag","embeddable":true,"href":"https:\/\/k-beautyci.com\/fr\/wp-json\/wp\/v2\/product_tag?post=8048"}],"curies":[{"name":"wp","href":"https:\/\/api.w.org\/{rel}","templated":true}]}}