{"id":8041,"date":"2025-06-03T14:52:28","date_gmt":"2025-06-03T14:52:28","guid":{"rendered":"https:\/\/k-beautyci.com\/?post_type=product&#038;p=8041"},"modified":"2025-10-19T00:44:32","modified_gmt":"2025-10-19T00:44:32","slug":"medicube-exosome-cica-toner","status":"publish","type":"product","link":"https:\/\/k-beautyci.com\/fr\/produit\/medicube-exosome-cica-toner\/","title":{"rendered":"medicube Exosome Cica Toner"},"content":{"rendered":"<p><b>Comment l'utiliser :<\/b><\/p>\n<p>Apr\u00e8s le nettoyage, appliquer une quantit\u00e9 mod\u00e9r\u00e9e sur le visage et tapoter l\u00e9g\u00e8rement pour une meilleure absorption.<\/p>\n<p>Avertissement : Pour usage externe uniquement. Toujours effectuer un test \u00e9picutan\u00e9. Cessez d'utiliser le produit si vous ressentez une quelconque g\u00eane. Suivre les instructions suppl\u00e9mentaires figurant sur l'emballage. Les r\u00e9sultats individuels peuvent varier.<\/p>","protected":false},"excerpt":{"rendered":"<p>Compos\u00e9 de 12 types d'ingr\u00e9dients d\u00e9riv\u00e9s du cica (dont des exosomes de cica de taille nanom\u00e9trique) ainsi que d'ecto\u00efne et de panth\u00e9nol, ce tonique fixe l'hydratation et calme les irritations. La formule sans parfum a \u00e9t\u00e9 test\u00e9e dermatologiquement pour convenir aux peaux sensibles.<\/p>","protected":false},"featured_media":8047,"comment_status":"open","ping_status":"closed","template":"","meta":{"om_disable_all_campaigns":false},"product_brand":[],"product_cat":[60,88,39,215],"product_tag":[],"class_list":{"0":"post-8041","1":"product","2":"type-product","3":"status-publish","4":"has-post-thumbnail","6":"product_cat-acne","7":"product_cat-centella","8":"product_cat-face-toners","9":"product_cat-medicube","11":"first","12":"instock","13":"shipping-taxable","14":"purchasable","15":"product-type-simple"},"aioseo_notices":[],"jetpack_sharing_enabled":true,"_links":{"self":[{"href":"https:\/\/k-beautyci.com\/fr\/wp-json\/wp\/v2\/product\/8041","targetHints":{"allow":["GET"]}}],"collection":[{"href":"https:\/\/k-beautyci.com\/fr\/wp-json\/wp\/v2\/product"}],"about":[{"href":"https:\/\/k-beautyci.com\/fr\/wp-json\/wp\/v2\/types\/product"}],"replies":[{"embeddable":true,"href":"https:\/\/k-beautyci.com\/fr\/wp-json\/wp\/v2\/comments?post=8041"}],"wp:featuredmedia":[{"embeddable":true,"href":"https:\/\/k-beautyci.com\/fr\/wp-json\/wp\/v2\/media\/8047"}],"wp:attachment":[{"href":"https:\/\/k-beautyci.com\/fr\/wp-json\/wp\/v2\/media?parent=8041"}],"wp:term":[{"taxonomy":"product_brand","embeddable":true,"href":"https:\/\/k-beautyci.com\/fr\/wp-json\/wp\/v2\/product_brand?post=8041"},{"taxonomy":"product_cat","embeddable":true,"href":"https:\/\/k-beautyci.com\/fr\/wp-json\/wp\/v2\/product_cat?post=8041"},{"taxonomy":"product_tag","embeddable":true,"href":"https:\/\/k-beautyci.com\/fr\/wp-json\/wp\/v2\/product_tag?post=8041"}],"curies":[{"name":"wp","href":"https:\/\/api.w.org\/{rel}","templated":true}]}}