{"id":8034,"date":"2025-06-03T15:30:47","date_gmt":"2025-06-03T15:30:47","guid":{"rendered":"https:\/\/k-beautyci.com\/?post_type=product&#038;p=8034"},"modified":"2026-02-14T20:40:16","modified_gmt":"2026-02-14T20:40:16","slug":"medicube-age-r-vita-c-pro-ampoule","status":"publish","type":"product","link":"https:\/\/k-beautyci.com\/fr\/produit\/medicube-age-r-vita-c-pro-ampoule\/","title":{"rendered":"medicube AGE-R Vita C Pro Ampoule"},"content":{"rendered":"<p><b>Comment l'utiliser :<\/b><\/p>\n<p>Apr\u00e8s avoir utilis\u00e9 le tonique, appliquer une quantit\u00e9 mod\u00e9r\u00e9e sur l'ensemble du visage et tamponner d\u00e9licatement pour absorber.<\/p>\n<p>Avertissement : Pour usage externe uniquement. Toujours effectuer un test \u00e9picutan\u00e9. Cessez d'utiliser le produit si vous ressentez une quelconque g\u00eane. Suivre les instructions suppl\u00e9mentaires figurant sur l'emballage. Les r\u00e9sultats individuels peuvent varier.<\/p>","protected":false},"excerpt":{"rendered":"<p>Formul\u00e9e avec 21 % de vitamine C, de la vitamine B5, de l'ad\u00e9nosine, de l'extrait de racine de curcuma et de l'allanto\u00efne, cette ampoule l\u00e9g\u00e8re revitalise la peau, renforce son \u00e9lasticit\u00e9, lisse son grain et apaise les irritations.<\/p>","protected":false},"featured_media":8040,"comment_status":"open","ping_status":"closed","template":"","meta":{"om_disable_all_campaigns":false},"product_brand":[],"product_cat":[31,215,72],"product_tag":[],"class_list":{"0":"post-8034","1":"product","2":"type-product","3":"status-publish","4":"has-post-thumbnail","6":"product_cat-face-serums","7":"product_cat-medicube","8":"product_cat-vitamin-c","10":"first","11":"outofstock","12":"sale","13":"shipping-taxable","14":"purchasable","15":"product-type-simple"},"aioseo_notices":[],"jetpack_sharing_enabled":true,"_links":{"self":[{"href":"https:\/\/k-beautyci.com\/fr\/wp-json\/wp\/v2\/product\/8034","targetHints":{"allow":["GET"]}}],"collection":[{"href":"https:\/\/k-beautyci.com\/fr\/wp-json\/wp\/v2\/product"}],"about":[{"href":"https:\/\/k-beautyci.com\/fr\/wp-json\/wp\/v2\/types\/product"}],"replies":[{"embeddable":true,"href":"https:\/\/k-beautyci.com\/fr\/wp-json\/wp\/v2\/comments?post=8034"}],"wp:featuredmedia":[{"embeddable":true,"href":"https:\/\/k-beautyci.com\/fr\/wp-json\/wp\/v2\/media\/8040"}],"wp:attachment":[{"href":"https:\/\/k-beautyci.com\/fr\/wp-json\/wp\/v2\/media?parent=8034"}],"wp:term":[{"taxonomy":"product_brand","embeddable":true,"href":"https:\/\/k-beautyci.com\/fr\/wp-json\/wp\/v2\/product_brand?post=8034"},{"taxonomy":"product_cat","embeddable":true,"href":"https:\/\/k-beautyci.com\/fr\/wp-json\/wp\/v2\/product_cat?post=8034"},{"taxonomy":"product_tag","embeddable":true,"href":"https:\/\/k-beautyci.com\/fr\/wp-json\/wp\/v2\/product_tag?post=8034"}],"curies":[{"name":"wp","href":"https:\/\/api.w.org\/{rel}","templated":true}]}}