{"id":8018,"date":"2025-06-03T15:58:54","date_gmt":"2025-06-03T15:58:54","guid":{"rendered":"https:\/\/k-beautyci.com\/?post_type=product&#038;p=8018"},"modified":"2026-03-30T22:11:26","modified_gmt":"2026-03-30T22:11:26","slug":"medicube-pdrn-pink-peptide-eye-cream","status":"publish","type":"product","link":"https:\/\/k-beautyci.com\/fr\/produit\/medicube-pdrn-pink-peptide-eye-cream\/","title":{"rendered":"medicube PDRN Pink Peptide Eye Cream"},"content":{"rendered":"<p><b>Comment l'utiliser :<\/b><br \/>\n1. \u00c0 la derni\u00e8re \u00e9tape du soin, appliquer une quantit\u00e9 mod\u00e9r\u00e9e sur la peau.<br \/>\n2. Tapoter doucement pour une meilleure absorption.<\/p>\n<p>Avertissement : Pour usage externe uniquement. Toujours effectuer un test \u00e9picutan\u00e9. Cessez d'utiliser le produit si vous ressentez une quelconque g\u00eane. Suivre les instructions suppl\u00e9mentaires figurant sur l'emballage. Les r\u00e9sultats individuels peuvent varier.<\/p>","protected":false},"excerpt":{"rendered":"<p>Gorg\u00e9e de saumon PDRN, de r\u00e9tinol et de peptides, cette cr\u00e8me pour les yeux lisse les rides et ridules et r\u00e9duit les poches. Le niacinamide, la caf\u00e9ine et l'extrait de racine de curcuma sont ajout\u00e9s pour fournir des effets hydratants et \u00e9claircissants suppl\u00e9mentaires.<\/p>","protected":false},"featured_media":8019,"comment_status":"open","ping_status":"closed","template":"","meta":{"om_disable_all_campaigns":false},"product_brand":[],"product_cat":[57,38,215,74,238,68],"product_tag":[],"class_list":{"0":"post-8018","1":"product","2":"type-product","3":"status-publish","4":"has-post-thumbnail","6":"product_cat-anti-aging","7":"product_cat-eye-care","8":"product_cat-medicube","9":"product_cat-niacinamide","10":"product_cat-pdrn","11":"product_cat-retinol","13":"first","14":"outofstock","15":"sale","16":"shipping-taxable","17":"purchasable","18":"product-type-simple"},"aioseo_notices":[],"jetpack_sharing_enabled":true,"_links":{"self":[{"href":"https:\/\/k-beautyci.com\/fr\/wp-json\/wp\/v2\/product\/8018","targetHints":{"allow":["GET"]}}],"collection":[{"href":"https:\/\/k-beautyci.com\/fr\/wp-json\/wp\/v2\/product"}],"about":[{"href":"https:\/\/k-beautyci.com\/fr\/wp-json\/wp\/v2\/types\/product"}],"replies":[{"embeddable":true,"href":"https:\/\/k-beautyci.com\/fr\/wp-json\/wp\/v2\/comments?post=8018"}],"wp:featuredmedia":[{"embeddable":true,"href":"https:\/\/k-beautyci.com\/fr\/wp-json\/wp\/v2\/media\/8019"}],"wp:attachment":[{"href":"https:\/\/k-beautyci.com\/fr\/wp-json\/wp\/v2\/media?parent=8018"}],"wp:term":[{"taxonomy":"product_brand","embeddable":true,"href":"https:\/\/k-beautyci.com\/fr\/wp-json\/wp\/v2\/product_brand?post=8018"},{"taxonomy":"product_cat","embeddable":true,"href":"https:\/\/k-beautyci.com\/fr\/wp-json\/wp\/v2\/product_cat?post=8018"},{"taxonomy":"product_tag","embeddable":true,"href":"https:\/\/k-beautyci.com\/fr\/wp-json\/wp\/v2\/product_tag?post=8018"}],"curies":[{"name":"wp","href":"https:\/\/api.w.org\/{rel}","templated":true}]}}