{"id":7998,"date":"2025-06-03T15:39:50","date_gmt":"2025-06-03T15:39:50","guid":{"rendered":"https:\/\/k-beautyci.com\/?post_type=product&#038;p=7998"},"modified":"2025-10-10T04:16:17","modified_gmt":"2025-10-10T04:16:17","slug":"medicube-pdrn-pink-glutathione-serum-mist","status":"publish","type":"product","link":"https:\/\/k-beautyci.com\/fr\/produit\/medicube-pdrn-pink-glutathione-serum-mist\/","title":{"rendered":"medicube PDRN Pink Glutathione Serum Mist"},"content":{"rendered":"<p>Comment l'utiliser :<\/p>\n<p>Agiter l\u00e9g\u00e8rement avant utilisation et placer \u00e0 20 cm des zones souhait\u00e9es. Vaporiser uniform\u00e9ment sur le visage et tapoter doucement jusqu'\u00e0 absorption.<\/p>\n<p>Avertissement : Pour usage externe uniquement. Toujours effectuer un test \u00e9picutan\u00e9. Cessez d'utiliser le produit si vous ressentez une quelconque g\u00eane. Suivre les instructions suppl\u00e9mentaires figurant sur l'emballage. Les r\u00e9sultats individuels peuvent varier.<\/p>","protected":false},"excerpt":{"rendered":"<p>D\u00e9stressez et rajeunissez votre peau fatigu\u00e9e ou terne avec cette brume pour le visage infus\u00e9e de PDRN de saumon, renforc\u00e9e en outre par du glutathion \u00e9claircissant pour la peau, afin de combattre l'aspect terne et les signes visibles de vieillissement pr\u00e9matur\u00e9. La formule l\u00e9g\u00e8re offre \u00e9galement des effets apaisants, hydratants et rafra\u00eechissants pour la peau. C'est un must pour les peaux sensibles ou sujettes aux irritations.<\/p>","protected":false},"featured_media":8002,"comment_status":"open","ping_status":"closed","template":"","meta":{"om_disable_all_campaigns":false},"product_brand":[],"product_cat":[39,215,238],"product_tag":[],"class_list":{"0":"post-7998","1":"product","2":"type-product","3":"status-publish","4":"has-post-thumbnail","6":"product_cat-face-toners","7":"product_cat-medicube","8":"product_cat-pdrn","10":"first","11":"instock","12":"sale","13":"shipping-taxable","14":"purchasable","15":"product-type-simple"},"aioseo_notices":[],"jetpack_sharing_enabled":true,"_links":{"self":[{"href":"https:\/\/k-beautyci.com\/fr\/wp-json\/wp\/v2\/product\/7998","targetHints":{"allow":["GET"]}}],"collection":[{"href":"https:\/\/k-beautyci.com\/fr\/wp-json\/wp\/v2\/product"}],"about":[{"href":"https:\/\/k-beautyci.com\/fr\/wp-json\/wp\/v2\/types\/product"}],"replies":[{"embeddable":true,"href":"https:\/\/k-beautyci.com\/fr\/wp-json\/wp\/v2\/comments?post=7998"}],"wp:featuredmedia":[{"embeddable":true,"href":"https:\/\/k-beautyci.com\/fr\/wp-json\/wp\/v2\/media\/8002"}],"wp:attachment":[{"href":"https:\/\/k-beautyci.com\/fr\/wp-json\/wp\/v2\/media?parent=7998"}],"wp:term":[{"taxonomy":"product_brand","embeddable":true,"href":"https:\/\/k-beautyci.com\/fr\/wp-json\/wp\/v2\/product_brand?post=7998"},{"taxonomy":"product_cat","embeddable":true,"href":"https:\/\/k-beautyci.com\/fr\/wp-json\/wp\/v2\/product_cat?post=7998"},{"taxonomy":"product_tag","embeddable":true,"href":"https:\/\/k-beautyci.com\/fr\/wp-json\/wp\/v2\/product_tag?post=7998"}],"curies":[{"name":"wp","href":"https:\/\/api.w.org\/{rel}","templated":true}]}}