{"id":7904,"date":"2025-05-08T00:36:35","date_gmt":"2025-05-08T00:36:35","guid":{"rendered":"https:\/\/k-beautyci.com\/?post_type=product&#038;p=7904"},"modified":"2025-05-08T00:36:35","modified_gmt":"2025-05-08T00:36:35","slug":"vt-cica-collagen-essence","status":"publish","type":"product","link":"https:\/\/k-beautyci.com\/fr\/produit\/vt-cica-collagen-essence\/","title":{"rendered":"VT &#8211; Cica Collagen Essence"},"content":{"rendered":"<p><b>Comment l'utiliser :<\/b><\/p>\n<p>Apr\u00e8s avoir utilis\u00e9 le tonique dans le cadre de la routine de soins de la peau, \u00e9taler uniform\u00e9ment la quantit\u00e9 appropri\u00e9e.<\/p>\n<p>Un rouleau pour le visage peut \u00eatre utilis\u00e9 pour masser les joues, le front et le cou afin d'am\u00e9liorer l'absorption.<\/p>\n<p>Avertissement : Pour usage externe uniquement. Toujours effectuer un test \u00e9picutan\u00e9. Cessez d'utiliser le produit si vous ressentez une quelconque g\u00eane. Suivre les instructions suppl\u00e9mentaires figurant sur l'emballage. Les r\u00e9sultats individuels peuvent varier.<\/p>","protected":false},"excerpt":{"rendered":"<p>Cette essence anti-\u00e2ge exploite le pouvoir du collag\u00e8ne de poisson \u00e0 faible poids mol\u00e9culaire facilement absorbable et du d\u00e9riv\u00e9 de vitamine A pour minimiser l'apparence du rel\u00e2chement de la peau et des pores pro\u00e9minents. Un m\u00e9lange d'ingr\u00e9dients apaisants pour la peau, dont le niacinamide, l'extrait de cica et des peptides, garantit que la formule est douce et convient \u00e0 tous les types de peau.<\/p>","protected":false},"featured_media":7908,"comment_status":"open","ping_status":"closed","template":"","meta":{"om_disable_all_campaigns":false},"product_brand":[],"product_cat":[57,32,31,211],"product_tag":[],"class_list":{"0":"post-7904","1":"product","2":"type-product","3":"status-publish","4":"has-post-thumbnail","6":"product_cat-anti-aging","7":"product_cat-essence","8":"product_cat-face-serums","9":"product_cat-vt-cosmetics","11":"first","12":"instock","13":"shipping-taxable","14":"purchasable","15":"product-type-simple"},"aioseo_notices":[],"jetpack_sharing_enabled":true,"_links":{"self":[{"href":"https:\/\/k-beautyci.com\/fr\/wp-json\/wp\/v2\/product\/7904","targetHints":{"allow":["GET"]}}],"collection":[{"href":"https:\/\/k-beautyci.com\/fr\/wp-json\/wp\/v2\/product"}],"about":[{"href":"https:\/\/k-beautyci.com\/fr\/wp-json\/wp\/v2\/types\/product"}],"replies":[{"embeddable":true,"href":"https:\/\/k-beautyci.com\/fr\/wp-json\/wp\/v2\/comments?post=7904"}],"wp:featuredmedia":[{"embeddable":true,"href":"https:\/\/k-beautyci.com\/fr\/wp-json\/wp\/v2\/media\/7908"}],"wp:attachment":[{"href":"https:\/\/k-beautyci.com\/fr\/wp-json\/wp\/v2\/media?parent=7904"}],"wp:term":[{"taxonomy":"product_brand","embeddable":true,"href":"https:\/\/k-beautyci.com\/fr\/wp-json\/wp\/v2\/product_brand?post=7904"},{"taxonomy":"product_cat","embeddable":true,"href":"https:\/\/k-beautyci.com\/fr\/wp-json\/wp\/v2\/product_cat?post=7904"},{"taxonomy":"product_tag","embeddable":true,"href":"https:\/\/k-beautyci.com\/fr\/wp-json\/wp\/v2\/product_tag?post=7904"}],"curies":[{"name":"wp","href":"https:\/\/api.w.org\/{rel}","templated":true}]}}