{"id":7854,"date":"2025-05-02T12:24:02","date_gmt":"2025-05-02T12:24:02","guid":{"rendered":"https:\/\/k-beautyci.com\/product\/sungboon-editor-green-tomato-deep-pore-cleansing-ultra-whipping-foam\/"},"modified":"2025-05-05T18:47:26","modified_gmt":"2025-05-05T18:47:26","slug":"sungboon-editor-green-tomato-deep-pore-cleansing-ultra-whipping-foam","status":"publish","type":"product","link":"https:\/\/k-beautyci.com\/fr\/produit\/sungboon-editor-green-tomato-deep-pore-cleansing-ultra-whipping-foam\/","title":{"rendered":"Sungboon Editor Green Tomato Deep Pore Cleansing Ultra Whipping Foam"},"content":{"rendered":"<p><span style=\"font-family: BrandonGrotesque-Regular;font-size: 16px;font-style: normal;font-weight: 400;letter-spacing: normal;text-align: start;text-indent: 0px;text-transform: none;text-decoration: none;float: none\">Comment l'utiliser :<\/span><\/p>\n<p>Take an appropriate amount and lather in the palm of your hands. Massage foam gently over the face, then rinse off thoroughly with lukewarm water.<\/p>\n<\/p>\n<p>Avertissement : Pour usage externe uniquement. Toujours effectuer un test \u00e9picutan\u00e9. Cessez d'utiliser le produit si vous ressentez une quelconque g\u00eane. Suivre les instructions suppl\u00e9mentaires figurant sur l'emballage. Les r\u00e9sultats individuels peuvent varier.<\/p>","protected":false},"excerpt":{"rendered":"<p><span style=\"font-family: BrandonGrotesque-Regular;font-size: 16px;font-style: normal;font-weight: 400;letter-spacing: normal;text-align: start;text-indent: 0px;text-transform: none;text-decoration: none;float: none\">Powered by Green Tomato and acne-fighting ingredients, this cleansing foam whips up a rich lather to deeply cleanse and refine pores, leaving skin feeling like a breath of fresh air.<\/span><\/p>","protected":false},"featured_media":7851,"comment_status":"open","ping_status":"closed","template":"","meta":{"om_disable_all_campaigns":false},"product_brand":[],"product_cat":[15],"product_tag":[],"class_list":{"0":"post-7854","1":"product","2":"type-product","3":"status-publish","4":"has-post-thumbnail","6":"product_cat-uncategorized","8":"first","9":"instock","10":"shipping-taxable","11":"purchasable","12":"product-type-simple"},"aioseo_notices":[],"jetpack_sharing_enabled":true,"_links":{"self":[{"href":"https:\/\/k-beautyci.com\/fr\/wp-json\/wp\/v2\/product\/7854","targetHints":{"allow":["GET"]}}],"collection":[{"href":"https:\/\/k-beautyci.com\/fr\/wp-json\/wp\/v2\/product"}],"about":[{"href":"https:\/\/k-beautyci.com\/fr\/wp-json\/wp\/v2\/types\/product"}],"replies":[{"embeddable":true,"href":"https:\/\/k-beautyci.com\/fr\/wp-json\/wp\/v2\/comments?post=7854"}],"wp:featuredmedia":[{"embeddable":true,"href":"https:\/\/k-beautyci.com\/fr\/wp-json\/wp\/v2\/media\/7851"}],"wp:attachment":[{"href":"https:\/\/k-beautyci.com\/fr\/wp-json\/wp\/v2\/media?parent=7854"}],"wp:term":[{"taxonomy":"product_brand","embeddable":true,"href":"https:\/\/k-beautyci.com\/fr\/wp-json\/wp\/v2\/product_brand?post=7854"},{"taxonomy":"product_cat","embeddable":true,"href":"https:\/\/k-beautyci.com\/fr\/wp-json\/wp\/v2\/product_cat?post=7854"},{"taxonomy":"product_tag","embeddable":true,"href":"https:\/\/k-beautyci.com\/fr\/wp-json\/wp\/v2\/product_tag?post=7854"}],"curies":[{"name":"wp","href":"https:\/\/api.w.org\/{rel}","templated":true}]}}