{"id":7808,"date":"2025-04-26T00:17:30","date_gmt":"2025-04-26T00:17:30","guid":{"rendered":"https:\/\/k-beautyci.com\/?post_type=product&#038;p=7808"},"modified":"2025-11-09T21:00:33","modified_gmt":"2025-11-09T21:00:33","slug":"cos-de-baha-h-hyaluronic-acid-serum-60ml","status":"publish","type":"product","link":"https:\/\/k-beautyci.com\/fr\/produit\/cos-de-baha-h-hyaluronic-acid-serum-60ml\/","title":{"rendered":"Cos De BAHA &#8211; H Hyaluronic Acid Serum 60ml"},"content":{"rendered":"<p><b>Comment l'utiliser :<\/b><\/p>\n<p>Appliquez une quantit\u00e9 mod\u00e9r\u00e9e de contenu sur votre peau et tapotez pour une meilleure absorption.<\/p>\n<p>Avertissement : Pour usage externe uniquement. Toujours effectuer un test \u00e9picutan\u00e9. Cessez d'utiliser le produit si vous ressentez une quelconque g\u00eane. Suivre les instructions suppl\u00e9mentaires figurant sur la bo\u00eete. Les r\u00e9sultats individuels peuvent varier.<\/p>","protected":false},"excerpt":{"rendered":"<p>Ce s\u00e9rum pour le visage contient 10 000 ppm de hyaluronate de sodium qui aide \u00e0 maintenir l'\u00e9quilibre naturel de l'hydratation de la peau pour une apparence rafra\u00eechie.<\/p>\n<p>Exp- 10\/2025<\/p>","protected":false},"featured_media":7814,"comment_status":"open","ping_status":"closed","template":"","meta":{"om_disable_all_campaigns":false},"product_brand":[],"product_cat":[197,31,69],"product_tag":[],"class_list":{"0":"post-7808","1":"product","2":"type-product","3":"status-publish","4":"has-post-thumbnail","6":"product_cat-cos-de-baha","7":"product_cat-face-serums","8":"product_cat-hyaluronic-acid","10":"first","11":"outofstock","12":"sale","13":"shipping-taxable","14":"purchasable","15":"product-type-simple"},"aioseo_notices":[],"jetpack_sharing_enabled":true,"_links":{"self":[{"href":"https:\/\/k-beautyci.com\/fr\/wp-json\/wp\/v2\/product\/7808","targetHints":{"allow":["GET"]}}],"collection":[{"href":"https:\/\/k-beautyci.com\/fr\/wp-json\/wp\/v2\/product"}],"about":[{"href":"https:\/\/k-beautyci.com\/fr\/wp-json\/wp\/v2\/types\/product"}],"replies":[{"embeddable":true,"href":"https:\/\/k-beautyci.com\/fr\/wp-json\/wp\/v2\/comments?post=7808"}],"wp:featuredmedia":[{"embeddable":true,"href":"https:\/\/k-beautyci.com\/fr\/wp-json\/wp\/v2\/media\/7814"}],"wp:attachment":[{"href":"https:\/\/k-beautyci.com\/fr\/wp-json\/wp\/v2\/media?parent=7808"}],"wp:term":[{"taxonomy":"product_brand","embeddable":true,"href":"https:\/\/k-beautyci.com\/fr\/wp-json\/wp\/v2\/product_brand?post=7808"},{"taxonomy":"product_cat","embeddable":true,"href":"https:\/\/k-beautyci.com\/fr\/wp-json\/wp\/v2\/product_cat?post=7808"},{"taxonomy":"product_tag","embeddable":true,"href":"https:\/\/k-beautyci.com\/fr\/wp-json\/wp\/v2\/product_tag?post=7808"}],"curies":[{"name":"wp","href":"https:\/\/api.w.org\/{rel}","templated":true}]}}