{"id":7794,"date":"2025-04-25T23:56:48","date_gmt":"2025-04-25T23:56:48","guid":{"rendered":"https:\/\/k-beautyci.com\/?post_type=product&#038;p=7794"},"modified":"2026-03-17T08:36:13","modified_gmt":"2026-03-17T08:36:13","slug":"ksecret-seoul-1988-essence-snail-mucin-97-rice","status":"publish","type":"product","link":"https:\/\/k-beautyci.com\/fr\/produit\/ksecret-seoul-1988-essence-snail-mucin-97-rice\/","title":{"rendered":"KSECRET &#8211; SEOUL 1988 Essence : Snail Mucin 97% + Rice"},"content":{"rendered":"<p><b>Comment l'utiliser :<\/b><br \/>\n1. Apr\u00e8s avoir nettoy\u00e9 et tonifi\u00e9 le visage, appliquer une quantit\u00e9 mod\u00e9r\u00e9e d'essence sur l'ensemble du visage et du cou.<\/p>\n<p>2. Tapoter doucement jusqu'\u00e0 absorption compl\u00e8te par la peau.<\/p>\n<p>Avertissement : Pour usage externe uniquement. Toujours effectuer un test \u00e9picutan\u00e9. Cessez d'utiliser le produit si vous ressentez une quelconque g\u00eane. Suivre les instructions suppl\u00e9mentaires figurant sur la bo\u00eete. Les r\u00e9sultats individuels peuvent varier.<\/p>","protected":false},"excerpt":{"rendered":"<p>Ce s\u00e9rum est compos\u00e9 \u00e0 97 % de mucine d'escargot, un ingr\u00e9dient de soin cor\u00e9en populaire connu pour ses propri\u00e9t\u00e9s hydratantes et cicatrisantes. Il est en outre formul\u00e9 avec des ingr\u00e9dients \u00e0 base de riz, dont l'extrait de riz, l'eau de riz et le filtrat de ferment de riz, qui \u00e9claircissent, lissent et hydratent la peau.<\/p>","protected":false},"featured_media":7800,"comment_status":"open","ping_status":"closed","template":"","meta":{"om_disable_all_campaigns":false},"product_brand":[],"product_cat":[32,232,86],"product_tag":[],"class_list":{"0":"post-7794","1":"product","2":"type-product","3":"status-publish","4":"has-post-thumbnail","6":"product_cat-essence","7":"product_cat-ksecret","8":"product_cat-snail-mucin","10":"first","11":"instock","12":"shipping-taxable","13":"purchasable","14":"product-type-simple"},"aioseo_notices":[],"jetpack_sharing_enabled":true,"_links":{"self":[{"href":"https:\/\/k-beautyci.com\/fr\/wp-json\/wp\/v2\/product\/7794","targetHints":{"allow":["GET"]}}],"collection":[{"href":"https:\/\/k-beautyci.com\/fr\/wp-json\/wp\/v2\/product"}],"about":[{"href":"https:\/\/k-beautyci.com\/fr\/wp-json\/wp\/v2\/types\/product"}],"replies":[{"embeddable":true,"href":"https:\/\/k-beautyci.com\/fr\/wp-json\/wp\/v2\/comments?post=7794"}],"wp:featuredmedia":[{"embeddable":true,"href":"https:\/\/k-beautyci.com\/fr\/wp-json\/wp\/v2\/media\/7800"}],"wp:attachment":[{"href":"https:\/\/k-beautyci.com\/fr\/wp-json\/wp\/v2\/media?parent=7794"}],"wp:term":[{"taxonomy":"product_brand","embeddable":true,"href":"https:\/\/k-beautyci.com\/fr\/wp-json\/wp\/v2\/product_brand?post=7794"},{"taxonomy":"product_cat","embeddable":true,"href":"https:\/\/k-beautyci.com\/fr\/wp-json\/wp\/v2\/product_cat?post=7794"},{"taxonomy":"product_tag","embeddable":true,"href":"https:\/\/k-beautyci.com\/fr\/wp-json\/wp\/v2\/product_tag?post=7794"}],"curies":[{"name":"wp","href":"https:\/\/api.w.org\/{rel}","templated":true}]}}