{"id":7787,"date":"2025-04-25T23:45:20","date_gmt":"2025-04-25T23:45:20","guid":{"rendered":"https:\/\/k-beautyci.com\/?post_type=product&#038;p=7787"},"modified":"2025-12-28T23:20:30","modified_gmt":"2025-12-28T23:20:30","slug":"purito-seoul-from-green-cleansing-oil-200ml","status":"publish","type":"product","link":"https:\/\/k-beautyci.com\/fr\/produit\/purito-seoul-from-green-cleansing-oil-200ml\/","title":{"rendered":"Purito SEOUL From Green Cleansing Oil 200ml"},"content":{"rendered":"<p>Comment l'utiliser :<\/p>\n<div class=\"description-item active\">\n<div class=\"body\">\n<p>Appliquer quelques gouttes d'huile sur la peau s\u00e8che et masser. Ajouter quelques gouttes d'eau sur le visage et masser la peau pour \u00e9mulsionner l'huile. Rincer \u00e0 l'eau ti\u00e8de et nettoyer deux fois avec un nettoyant \u00e0 base d'eau si vous le souhaitez. Poursuivre avec le reste de la routine de soins de la peau.<\/p>\n<p>&nbsp;<\/p>\n<p>Avertissement : Pour usage externe uniquement. Toujours effectuer un test \u00e9picutan\u00e9. Cessez d'utiliser le produit si vous ressentez une quelconque g\u00eane. Suivre les instructions suppl\u00e9mentaires figurant sur la bo\u00eete. Les r\u00e9sultats individuels peuvent varier.<\/p>\n<\/div>\n<\/div>","protected":false},"excerpt":{"rendered":"<p>Cette huile nettoyante douce et apaisante contient des huiles naturelles saines qui \u00e9liminent efficacement les cr\u00e8mes solaires et le maquillage difficile \u00e0 enlever. Compos\u00e9 uniquement d'ingr\u00e9dients de base et de cinq huiles essentielles nourrissantes diff\u00e9rentes, ce nettoyant prend soin des peaux sensibles.<\/p>","protected":false},"featured_media":7793,"comment_status":"open","ping_status":"closed","template":"","meta":{"om_disable_all_campaigns":false},"product_brand":[],"product_cat":[35,63,200],"product_tag":[],"class_list":{"0":"post-7787","1":"product","2":"type-product","3":"status-publish","4":"has-post-thumbnail","6":"product_cat-face-cleansers","7":"product_cat-makeup-removers","8":"product_cat-purito","10":"first","11":"outofstock","12":"shipping-taxable","13":"purchasable","14":"product-type-simple"},"aioseo_notices":[],"jetpack_sharing_enabled":true,"_links":{"self":[{"href":"https:\/\/k-beautyci.com\/fr\/wp-json\/wp\/v2\/product\/7787","targetHints":{"allow":["GET"]}}],"collection":[{"href":"https:\/\/k-beautyci.com\/fr\/wp-json\/wp\/v2\/product"}],"about":[{"href":"https:\/\/k-beautyci.com\/fr\/wp-json\/wp\/v2\/types\/product"}],"replies":[{"embeddable":true,"href":"https:\/\/k-beautyci.com\/fr\/wp-json\/wp\/v2\/comments?post=7787"}],"wp:featuredmedia":[{"embeddable":true,"href":"https:\/\/k-beautyci.com\/fr\/wp-json\/wp\/v2\/media\/7793"}],"wp:attachment":[{"href":"https:\/\/k-beautyci.com\/fr\/wp-json\/wp\/v2\/media?parent=7787"}],"wp:term":[{"taxonomy":"product_brand","embeddable":true,"href":"https:\/\/k-beautyci.com\/fr\/wp-json\/wp\/v2\/product_brand?post=7787"},{"taxonomy":"product_cat","embeddable":true,"href":"https:\/\/k-beautyci.com\/fr\/wp-json\/wp\/v2\/product_cat?post=7787"},{"taxonomy":"product_tag","embeddable":true,"href":"https:\/\/k-beautyci.com\/fr\/wp-json\/wp\/v2\/product_tag?post=7787"}],"curies":[{"name":"wp","href":"https:\/\/api.w.org\/{rel}","templated":true}]}}