{"id":7778,"date":"2025-05-02T18:52:31","date_gmt":"2025-05-02T18:52:31","guid":{"rendered":"https:\/\/k-beautyci.com\/?post_type=product&#038;p=7778"},"modified":"2025-07-04T19:49:42","modified_gmt":"2025-07-04T19:49:42","slug":"abib-jericho-rose-tube-collagen-eye-creme","status":"publish","type":"product","link":"https:\/\/k-beautyci.com\/fr\/produit\/abib-jericho-rose-tube-collagen-eye-creme\/","title":{"rendered":"Abib Jericho Rose Tube Collagen Eye Creme"},"content":{"rendered":"<p>Comment l'utiliser :<\/p>\n<p>D\u00e9posez une petite quantit\u00e9 de cr\u00e8me sur le contour des yeux, en prenant soin d'\u00e9viter les cils. Faire p\u00e9n\u00e9trer le produit par l\u00e9gers tapotements, en \u00e9vitant de frotter la peau.<\/p>\n<p>Avertissement : Pour usage externe uniquement. Toujours effectuer un test \u00e9picutan\u00e9. Cessez d'utiliser le produit si vous ressentez une quelconque g\u00eane. Suivre les instructions suppl\u00e9mentaires figurant sur l'emballage. Les r\u00e9sultats individuels peuvent varier.<\/p>","protected":false},"excerpt":{"rendered":"<p>Dites adieu aux cernes, aux yeux gonfl\u00e9s et aux pattes d'oie gr\u00e2ce \u00e0 cette puissante cr\u00e8me pour les yeux qui contient de l'extrait de rose de J\u00e9richo, de l'acide hyaluronique et du tr\u00e9halose pour hydrater le contour des yeux. La formule riche en nutriments contient 10 005 ppm de collag\u00e8ne d'origine v\u00e9g\u00e9tale pour raffermir et renforcer la peau. Le bakuchiol, les peptides et la caf\u00e9ine ajout\u00e9s au m\u00e9lange apportent des b\u00e9n\u00e9fices anti-\u00e2ge. La texture choyante ne laisse pas de sensation collante apr\u00e8s l'application.<\/p>","protected":false},"featured_media":7783,"comment_status":"open","ping_status":"closed","template":"","meta":{"om_disable_all_campaigns":false},"product_brand":[],"product_cat":[158,38],"product_tag":[],"class_list":{"0":"post-7778","1":"product","2":"type-product","3":"status-publish","4":"has-post-thumbnail","6":"product_cat-abib","7":"product_cat-eye-care","9":"first","10":"outofstock","11":"shipping-taxable","12":"purchasable","13":"product-type-simple"},"aioseo_notices":[],"jetpack_sharing_enabled":true,"_links":{"self":[{"href":"https:\/\/k-beautyci.com\/fr\/wp-json\/wp\/v2\/product\/7778","targetHints":{"allow":["GET"]}}],"collection":[{"href":"https:\/\/k-beautyci.com\/fr\/wp-json\/wp\/v2\/product"}],"about":[{"href":"https:\/\/k-beautyci.com\/fr\/wp-json\/wp\/v2\/types\/product"}],"replies":[{"embeddable":true,"href":"https:\/\/k-beautyci.com\/fr\/wp-json\/wp\/v2\/comments?post=7778"}],"wp:featuredmedia":[{"embeddable":true,"href":"https:\/\/k-beautyci.com\/fr\/wp-json\/wp\/v2\/media\/7783"}],"wp:attachment":[{"href":"https:\/\/k-beautyci.com\/fr\/wp-json\/wp\/v2\/media?parent=7778"}],"wp:term":[{"taxonomy":"product_brand","embeddable":true,"href":"https:\/\/k-beautyci.com\/fr\/wp-json\/wp\/v2\/product_brand?post=7778"},{"taxonomy":"product_cat","embeddable":true,"href":"https:\/\/k-beautyci.com\/fr\/wp-json\/wp\/v2\/product_cat?post=7778"},{"taxonomy":"product_tag","embeddable":true,"href":"https:\/\/k-beautyci.com\/fr\/wp-json\/wp\/v2\/product_tag?post=7778"}],"curies":[{"name":"wp","href":"https:\/\/api.w.org\/{rel}","templated":true}]}}