{"id":7764,"date":"2025-04-25T00:41:36","date_gmt":"2025-04-25T00:41:36","guid":{"rendered":"https:\/\/k-beautyci.com\/?post_type=product&#038;p=7764"},"modified":"2025-04-25T00:41:36","modified_gmt":"2025-04-25T00:41:36","slug":"dr-melaxin-nexcksphalt-ecm-neck-barrier-ampoule","status":"publish","type":"product","link":"https:\/\/k-beautyci.com\/fr\/produit\/dr-melaxin-nexcksphalt-ecm-neck-barrier-ampoule\/","title":{"rendered":"Dr.Melaxin Nexcksphalt ECM Neck Barrier Ampoule"},"content":{"rendered":"<p><b>Comment l'utiliser :<\/b><br \/>\n1. Retourner le bouchon pour ouvrir l'ampoule, l'\u00e9taler uniform\u00e9ment sur le cou.<\/p>\n<p>2. Massez-la de bas en haut pour l'absorber.<\/p>\n<p>Avertissement : Pour usage externe uniquement. Toujours effectuer un test \u00e9picutan\u00e9. Cessez d'utiliser le produit si vous ressentez une quelconque g\u00eane. Suivre les instructions suppl\u00e9mentaires figurant sur l'emballage. Les r\u00e9sultats individuels peuvent varier.<\/p>","protected":false},"excerpt":{"rendered":"<p>L'ampoule \u00e9lastique pour le cou Necksphalt est votre premi\u00e8re ligne de d\u00e9fense contre le vieillissement du cou. Elle cible les d\u00e9fis uniques de la peau du cou et agit en synergie pour \u00e9paissir, lifter et densifier la zone d\u00e9licate du cou pour une apparence visiblement plus lisse et plus r\u00e9sistante.<\/p>","protected":false},"featured_media":7776,"comment_status":"open","ping_status":"closed","template":"","meta":{"om_disable_all_campaigns":false},"product_brand":[],"product_cat":[57,237],"product_tag":[],"class_list":{"0":"post-7764","1":"product","2":"type-product","3":"status-publish","4":"has-post-thumbnail","6":"product_cat-anti-aging","7":"product_cat-dr-melaxin","9":"first","10":"instock","11":"shipping-taxable","12":"purchasable","13":"product-type-simple"},"aioseo_notices":[],"jetpack_sharing_enabled":true,"_links":{"self":[{"href":"https:\/\/k-beautyci.com\/fr\/wp-json\/wp\/v2\/product\/7764","targetHints":{"allow":["GET"]}}],"collection":[{"href":"https:\/\/k-beautyci.com\/fr\/wp-json\/wp\/v2\/product"}],"about":[{"href":"https:\/\/k-beautyci.com\/fr\/wp-json\/wp\/v2\/types\/product"}],"replies":[{"embeddable":true,"href":"https:\/\/k-beautyci.com\/fr\/wp-json\/wp\/v2\/comments?post=7764"}],"wp:featuredmedia":[{"embeddable":true,"href":"https:\/\/k-beautyci.com\/fr\/wp-json\/wp\/v2\/media\/7776"}],"wp:attachment":[{"href":"https:\/\/k-beautyci.com\/fr\/wp-json\/wp\/v2\/media?parent=7764"}],"wp:term":[{"taxonomy":"product_brand","embeddable":true,"href":"https:\/\/k-beautyci.com\/fr\/wp-json\/wp\/v2\/product_brand?post=7764"},{"taxonomy":"product_cat","embeddable":true,"href":"https:\/\/k-beautyci.com\/fr\/wp-json\/wp\/v2\/product_cat?post=7764"},{"taxonomy":"product_tag","embeddable":true,"href":"https:\/\/k-beautyci.com\/fr\/wp-json\/wp\/v2\/product_tag?post=7764"}],"curies":[{"name":"wp","href":"https:\/\/api.w.org\/{rel}","templated":true}]}}