{"id":7753,"date":"2025-04-25T00:40:38","date_gmt":"2025-04-25T00:40:38","guid":{"rendered":"https:\/\/k-beautyci.com\/?post_type=product&#038;p=7753"},"modified":"2026-03-29T11:36:29","modified_gmt":"2026-03-29T11:36:29","slug":"dr-melaxin-astaxanthin-whitening-ampoule","status":"publish","type":"product","link":"https:\/\/k-beautyci.com\/fr\/produit\/dr-melaxin-astaxanthin-whitening-ampoule\/","title":{"rendered":"Dr.Melaxin Astaxanthin Whitening Ampoule"},"content":{"rendered":"<p><b>Comment l'utiliser :<\/b><\/p>\n<p>Appliquez-le uniform\u00e9ment sur la peau au stade du s\u00e9rum ou de l'ampoule et tapotez l\u00e9g\u00e8rement pour l'absorber.<\/p>\n<p>Avertissement : Pour usage externe uniquement. Toujours effectuer un test \u00e9picutan\u00e9. Cessez d'utiliser le produit si vous ressentez une quelconque g\u00eane. Suivre les instructions suppl\u00e9mentaires figurant sur l'emballage. Les r\u00e9sultats individuels peuvent varier.<\/p>","protected":false},"excerpt":{"rendered":"<p>AMPOULE sud-cor\u00e9enne contenant de l'ASTAXANTHINE, de la NIACINAMIDE et de l'ACIDE TRANEXAMIQUE pour \u00e9claircir la peau, r\u00e9duire la production de m\u00e9lanine et les probl\u00e8mes de pigmentation tels que les taches de rousseur, les taches sombres et les imperfections.<\/p>","protected":false},"featured_media":7757,"comment_status":"open","ping_status":"closed","template":"","meta":{"om_disable_all_campaigns":false},"product_brand":[],"product_cat":[60,57,52,237,31,74],"product_tag":[],"class_list":{"0":"post-7753","1":"product","2":"type-product","3":"status-publish","4":"has-post-thumbnail","6":"product_cat-acne","7":"product_cat-anti-aging","8":"product_cat-dark-spots","9":"product_cat-dr-melaxin","10":"product_cat-face-serums","11":"product_cat-niacinamide","13":"first","14":"instock","15":"shipping-taxable","16":"purchasable","17":"product-type-simple"},"aioseo_notices":[],"jetpack_sharing_enabled":true,"_links":{"self":[{"href":"https:\/\/k-beautyci.com\/fr\/wp-json\/wp\/v2\/product\/7753","targetHints":{"allow":["GET"]}}],"collection":[{"href":"https:\/\/k-beautyci.com\/fr\/wp-json\/wp\/v2\/product"}],"about":[{"href":"https:\/\/k-beautyci.com\/fr\/wp-json\/wp\/v2\/types\/product"}],"replies":[{"embeddable":true,"href":"https:\/\/k-beautyci.com\/fr\/wp-json\/wp\/v2\/comments?post=7753"}],"wp:featuredmedia":[{"embeddable":true,"href":"https:\/\/k-beautyci.com\/fr\/wp-json\/wp\/v2\/media\/7757"}],"wp:attachment":[{"href":"https:\/\/k-beautyci.com\/fr\/wp-json\/wp\/v2\/media?parent=7753"}],"wp:term":[{"taxonomy":"product_brand","embeddable":true,"href":"https:\/\/k-beautyci.com\/fr\/wp-json\/wp\/v2\/product_brand?post=7753"},{"taxonomy":"product_cat","embeddable":true,"href":"https:\/\/k-beautyci.com\/fr\/wp-json\/wp\/v2\/product_cat?post=7753"},{"taxonomy":"product_tag","embeddable":true,"href":"https:\/\/k-beautyci.com\/fr\/wp-json\/wp\/v2\/product_tag?post=7753"}],"curies":[{"name":"wp","href":"https:\/\/api.w.org\/{rel}","templated":true}]}}