{"id":7746,"date":"2025-04-25T00:34:39","date_gmt":"2025-04-25T00:34:39","guid":{"rendered":"https:\/\/k-beautyci.com\/?post_type=product&#038;p=7746"},"modified":"2025-10-22T10:38:23","modified_gmt":"2025-10-22T10:38:23","slug":"dr-melaxin-eyephalt-eyecream-for-eyebags","status":"publish","type":"product","link":"https:\/\/k-beautyci.com\/fr\/produit\/dr-melaxin-eyephalt-eyecream-for-eyebags\/","title":{"rendered":"Dr. Melaxin Eyephalt: Eyecream for Eyebags"},"content":{"rendered":"<p><b>Comment l'utiliser :<\/b><br \/>\n1. Pressez une petite quantit\u00e9 sur la spatule et appliquez-la sur le contour des yeux.<\/p>\n<p>2. Tapoter doucement pour une meilleure absorption, en \u00e9vitant de frotter.<\/p>\n<div class=\"description-item active\">\n<div class=\"body\">\n<p>Avertissement : Pour usage externe uniquement. Toujours effectuer un test \u00e9picutan\u00e9. Cessez d'utiliser le produit si vous ressentez une quelconque g\u00eane. Suivre les instructions suppl\u00e9mentaires figurant sur l'emballage. Les r\u00e9sultats individuels peuvent varier.<\/p>\n<\/div>\n<\/div>\n<div class=\"description-item\">\n<h2 class=\"title\"><\/h2>\n<div class=\"body\"><\/div>\n<\/div>","protected":false},"excerpt":{"rendered":"<p>Adieu, les poches sous les yeux. Une goutte de cr\u00e8me pour les yeux de la taille d'un grain de riz suffit pour donner un coup de fouet aux poches et au rel\u00e2chement du contour de l'\u0153il. Formul\u00e9e avec du TranEX-1, de l'arbutine et du glutathion, cette cr\u00e8me pour les yeux \u00e9claircit les cernes et inverse les signes de vieillissement autour du contour de l'\u0153il, tout en stimulant la production de collag\u00e8ne. Elle contient \u00e9galement cinq types de c\u00e9ramides pour renforcer la barri\u00e8re cutan\u00e9e et att\u00e9nuer les rides et ridules. Convient \u00e0 tous les types de peau, y compris les peaux sensibles.<\/p>","protected":false},"featured_media":7752,"comment_status":"open","ping_status":"closed","template":"","meta":{"om_disable_all_campaigns":false},"product_brand":[],"product_cat":[237,38],"product_tag":[],"class_list":{"0":"post-7746","1":"product","2":"type-product","3":"status-publish","4":"has-post-thumbnail","6":"product_cat-dr-melaxin","7":"product_cat-eye-care","9":"first","10":"outofstock","11":"shipping-taxable","12":"purchasable","13":"product-type-simple"},"aioseo_notices":[],"jetpack_sharing_enabled":true,"_links":{"self":[{"href":"https:\/\/k-beautyci.com\/fr\/wp-json\/wp\/v2\/product\/7746","targetHints":{"allow":["GET"]}}],"collection":[{"href":"https:\/\/k-beautyci.com\/fr\/wp-json\/wp\/v2\/product"}],"about":[{"href":"https:\/\/k-beautyci.com\/fr\/wp-json\/wp\/v2\/types\/product"}],"replies":[{"embeddable":true,"href":"https:\/\/k-beautyci.com\/fr\/wp-json\/wp\/v2\/comments?post=7746"}],"wp:featuredmedia":[{"embeddable":true,"href":"https:\/\/k-beautyci.com\/fr\/wp-json\/wp\/v2\/media\/7752"}],"wp:attachment":[{"href":"https:\/\/k-beautyci.com\/fr\/wp-json\/wp\/v2\/media?parent=7746"}],"wp:term":[{"taxonomy":"product_brand","embeddable":true,"href":"https:\/\/k-beautyci.com\/fr\/wp-json\/wp\/v2\/product_brand?post=7746"},{"taxonomy":"product_cat","embeddable":true,"href":"https:\/\/k-beautyci.com\/fr\/wp-json\/wp\/v2\/product_cat?post=7746"},{"taxonomy":"product_tag","embeddable":true,"href":"https:\/\/k-beautyci.com\/fr\/wp-json\/wp\/v2\/product_tag?post=7746"}],"curies":[{"name":"wp","href":"https:\/\/api.w.org\/{rel}","templated":true}]}}