{"id":7736,"date":"2025-04-25T00:46:40","date_gmt":"2025-04-25T00:46:40","guid":{"rendered":"https:\/\/k-beautyci.com\/?post_type=product&#038;p=7736"},"modified":"2026-03-01T11:18:26","modified_gmt":"2026-03-01T11:18:26","slug":"celimax-the-vita-a-retinol-shot-tightening-serum","status":"publish","type":"product","link":"https:\/\/k-beautyci.com\/fr\/produit\/celimax-the-vita-a-retinol-shot-tightening-serum\/","title":{"rendered":"celimax The Vita-A Retinol Shot Tightening Serum"},"content":{"rendered":"<p><b>Comment l'utiliser :<\/b><\/p>\n<p>1. Si vous n'avez jamais utilis\u00e9 de r\u00e9tinol ou de r\u00e9tinal, appliquez-le un soir sur deux pendant les deux premi\u00e8res semaines.<br \/>\n2. Appliquer une petite quantit\u00e9 sur les zones cibl\u00e9es. En cas d'irritation, r\u00e9duire la quantit\u00e9 et la fr\u00e9quence des applications et utiliser une cr\u00e8me hydratante contenant des ingr\u00e9dients apaisants pour soulager l'irritation.<br \/>\n3. Le matin suivant l'utilisation du r\u00e9tinol, veillez \u00e0 appliquer un \u00e9cran solaire comme derni\u00e8re \u00e9tape de votre routine de soins pour prot\u00e9ger votre peau.<br \/>\n4. Une fois que votre peau s'est habitu\u00e9e au r\u00e9tinol ou au r\u00e9tinal, vous pouvez l'utiliser tous les soirs.<br \/>\n5. Appliquer uniform\u00e9ment une quantit\u00e9 appropri\u00e9e sur l'ensemble du visage.<\/p>\n<p>Avertissement : Pour usage externe uniquement. Toujours effectuer un test \u00e9picutan\u00e9. Cessez d'utiliser le produit si vous ressentez une quelconque g\u00eane. Suivre les instructions suppl\u00e9mentaires figurant sur l'emballage. Les r\u00e9sultats individuels peuvent varier.<\/p>","protected":false},"excerpt":{"rendered":"<p>Un s\u00e9rum anti-\u00e2ge formul\u00e9 avec 0,1 % de r\u00e9tinol pur et un complexe de 9 peptides qui aident \u00e0 am\u00e9liorer l'\u00e9lasticit\u00e9 de la peau pour pr\u00e9venir l'apparition des rides et des ridules.<\/p>","protected":false},"featured_media":7745,"comment_status":"open","ping_status":"closed","template":"","meta":{"om_disable_all_campaigns":false},"product_brand":[],"product_cat":[57,209,31,68],"product_tag":[],"class_list":{"0":"post-7736","1":"product","2":"type-product","3":"status-publish","4":"has-post-thumbnail","6":"product_cat-anti-aging","7":"product_cat-celimax","8":"product_cat-face-serums","9":"product_cat-retinol","11":"first","12":"instock","13":"shipping-taxable","14":"purchasable","15":"product-type-simple"},"aioseo_notices":[],"jetpack_sharing_enabled":true,"_links":{"self":[{"href":"https:\/\/k-beautyci.com\/fr\/wp-json\/wp\/v2\/product\/7736","targetHints":{"allow":["GET"]}}],"collection":[{"href":"https:\/\/k-beautyci.com\/fr\/wp-json\/wp\/v2\/product"}],"about":[{"href":"https:\/\/k-beautyci.com\/fr\/wp-json\/wp\/v2\/types\/product"}],"replies":[{"embeddable":true,"href":"https:\/\/k-beautyci.com\/fr\/wp-json\/wp\/v2\/comments?post=7736"}],"wp:featuredmedia":[{"embeddable":true,"href":"https:\/\/k-beautyci.com\/fr\/wp-json\/wp\/v2\/media\/7745"}],"wp:attachment":[{"href":"https:\/\/k-beautyci.com\/fr\/wp-json\/wp\/v2\/media?parent=7736"}],"wp:term":[{"taxonomy":"product_brand","embeddable":true,"href":"https:\/\/k-beautyci.com\/fr\/wp-json\/wp\/v2\/product_brand?post=7736"},{"taxonomy":"product_cat","embeddable":true,"href":"https:\/\/k-beautyci.com\/fr\/wp-json\/wp\/v2\/product_cat?post=7736"},{"taxonomy":"product_tag","embeddable":true,"href":"https:\/\/k-beautyci.com\/fr\/wp-json\/wp\/v2\/product_tag?post=7736"}],"curies":[{"name":"wp","href":"https:\/\/api.w.org\/{rel}","templated":true}]}}