{"id":7732,"date":"2025-04-25T00:32:07","date_gmt":"2025-04-25T00:32:07","guid":{"rendered":"https:\/\/k-beautyci.com\/?post_type=product&#038;p=7732"},"modified":"2025-07-02T22:50:12","modified_gmt":"2025-07-02T22:50:12","slug":"aestura-ato-barrier-365-cream-80ml-2024","status":"publish","type":"product","link":"https:\/\/k-beautyci.com\/fr\/produit\/aestura-ato-barrier-365-cream-80ml-2024\/","title":{"rendered":"AESTURA  Ato Barrier 365 Cream 80ml 2024"},"content":{"rendered":"<p><b>Comment l'utiliser :<\/b><\/p>\n<p>\u00c0 la derni\u00e8re \u00e9tape de la routine de soins de la peau, appliquer une quantit\u00e9 mod\u00e9r\u00e9e sur le visage et tapoter doucement pour une meilleure absorption.<\/p>\n<p>Avertissement : Pour usage externe uniquement. Toujours effectuer un test \u00e9picutan\u00e9. Cessez d'utiliser le produit si vous ressentez une quelconque g\u00eane. Suivre les instructions suppl\u00e9mentaires figurant sur l'emballage. Les r\u00e9sultats individuels peuvent varier.<\/p>","protected":false},"excerpt":{"rendered":"<p>La cr\u00e8me Ato Barrier 365 d'AESTURA est infus\u00e9e de c\u00e9ramides, de cholest\u00e9rol et d'un complexe d'acides gras pour restaurer les niveaux d'hydratation de la peau tout en renfor\u00e7ant la barri\u00e8re cutan\u00e9e. Cette cr\u00e8me hydratante intense offre 120 heures d'hydratation gr\u00e2ce \u00e0 un m\u00e9lange concentr\u00e9 de c\u00e9ramides \u00e0 longue cha\u00eene et \u00e0 haute densit\u00e9 qui aident \u00e0 r\u00e9parer la barri\u00e8re cutan\u00e9e compromise. La formule hypoallerg\u00e9nique convient \u00e0 tous les types de peau, y compris les peaux sensibles.<\/p>","protected":false},"featured_media":7735,"comment_status":"open","ping_status":"closed","template":"","meta":{"om_disable_all_campaigns":false},"product_brand":[],"product_cat":[239,148,42,26],"product_tag":[],"class_list":{"0":"post-7732","1":"product","2":"type-product","3":"status-publish","4":"has-post-thumbnail","6":"product_cat-aestura","7":"product_cat-ceramide","8":"product_cat-dry-skin","9":"product_cat-face-moisturizer","11":"first","12":"outofstock","13":"shipping-taxable","14":"purchasable","15":"product-type-simple"},"aioseo_notices":[],"jetpack_sharing_enabled":true,"_links":{"self":[{"href":"https:\/\/k-beautyci.com\/fr\/wp-json\/wp\/v2\/product\/7732","targetHints":{"allow":["GET"]}}],"collection":[{"href":"https:\/\/k-beautyci.com\/fr\/wp-json\/wp\/v2\/product"}],"about":[{"href":"https:\/\/k-beautyci.com\/fr\/wp-json\/wp\/v2\/types\/product"}],"replies":[{"embeddable":true,"href":"https:\/\/k-beautyci.com\/fr\/wp-json\/wp\/v2\/comments?post=7732"}],"wp:featuredmedia":[{"embeddable":true,"href":"https:\/\/k-beautyci.com\/fr\/wp-json\/wp\/v2\/media\/7735"}],"wp:attachment":[{"href":"https:\/\/k-beautyci.com\/fr\/wp-json\/wp\/v2\/media?parent=7732"}],"wp:term":[{"taxonomy":"product_brand","embeddable":true,"href":"https:\/\/k-beautyci.com\/fr\/wp-json\/wp\/v2\/product_brand?post=7732"},{"taxonomy":"product_cat","embeddable":true,"href":"https:\/\/k-beautyci.com\/fr\/wp-json\/wp\/v2\/product_cat?post=7732"},{"taxonomy":"product_tag","embeddable":true,"href":"https:\/\/k-beautyci.com\/fr\/wp-json\/wp\/v2\/product_tag?post=7732"}],"curies":[{"name":"wp","href":"https:\/\/api.w.org\/{rel}","templated":true}]}}