{"id":7725,"date":"2025-04-25T00:17:39","date_gmt":"2025-04-25T00:17:39","guid":{"rendered":"https:\/\/k-beautyci.com\/?post_type=product&#038;p=7725"},"modified":"2026-04-15T03:08:33","modified_gmt":"2026-04-15T03:08:33","slug":"arencia-fresh-red-smoothie-serum-30","status":"publish","type":"product","link":"https:\/\/k-beautyci.com\/fr\/produit\/arencia-fresh-red-smoothie-serum-30\/","title":{"rendered":"Arencia Fresh Red Smoothie Serum 30"},"content":{"rendered":"<p><b>Comment l'utiliser :<\/b><\/p>\n<p>1.entretien quotidien : Utiliser matin et soir dans le cadre de la routine quotidienne de soins de la peau. Appliquer une quantit\u00e9 appropri\u00e9e et tapoter d\u00e9licatement pour une meilleure absorption.<\/p>\n<p>2.Soins de nuit : Appliquer une couche \u00e9paisse pendant la nuit comme masque de sommeil.<\/p>\n<p>Avertissement : Pour usage externe uniquement. Toujours effectuer un test \u00e9picutan\u00e9. Cessez d'utiliser le produit si vous ressentez une quelconque g\u00eane. Suivre les instructions suppl\u00e9mentaires figurant sur l'emballage. Les r\u00e9sultats individuels peuvent varier.<\/p>","protected":false},"excerpt":{"rendered":"<p>Riche en ingr\u00e9dients anti-\u00e2ge tels que le collag\u00e8ne, l'extrait de roselle et les peptides, ce s\u00e9rum r\u00e9tablit la fermet\u00e9 de la peau pour lui donner un aspect rebondi et jeune. La formule g\u00e9lifi\u00e9e contient \u00e9galement du niacinamide, des baies de ginseng, du tocoph\u00e9rol et de l'extrait de cynorrhodon pour apaiser et revitaliser la peau.<\/p>","protected":false},"featured_media":7731,"comment_status":"open","ping_status":"closed","template":"","meta":{"om_disable_all_campaigns":false},"product_brand":[],"product_cat":[230,62,31,74],"product_tag":[],"class_list":{"0":"post-7725","1":"product","2":"type-product","3":"status-publish","4":"has-post-thumbnail","6":"product_cat-arencia","7":"product_cat-face-masks","8":"product_cat-face-serums","9":"product_cat-niacinamide","11":"first","12":"instock","13":"shipping-taxable","14":"purchasable","15":"product-type-simple"},"aioseo_notices":[],"jetpack_sharing_enabled":true,"_links":{"self":[{"href":"https:\/\/k-beautyci.com\/fr\/wp-json\/wp\/v2\/product\/7725","targetHints":{"allow":["GET"]}}],"collection":[{"href":"https:\/\/k-beautyci.com\/fr\/wp-json\/wp\/v2\/product"}],"about":[{"href":"https:\/\/k-beautyci.com\/fr\/wp-json\/wp\/v2\/types\/product"}],"replies":[{"embeddable":true,"href":"https:\/\/k-beautyci.com\/fr\/wp-json\/wp\/v2\/comments?post=7725"}],"wp:featuredmedia":[{"embeddable":true,"href":"https:\/\/k-beautyci.com\/fr\/wp-json\/wp\/v2\/media\/7731"}],"wp:attachment":[{"href":"https:\/\/k-beautyci.com\/fr\/wp-json\/wp\/v2\/media?parent=7725"}],"wp:term":[{"taxonomy":"product_brand","embeddable":true,"href":"https:\/\/k-beautyci.com\/fr\/wp-json\/wp\/v2\/product_brand?post=7725"},{"taxonomy":"product_cat","embeddable":true,"href":"https:\/\/k-beautyci.com\/fr\/wp-json\/wp\/v2\/product_cat?post=7725"},{"taxonomy":"product_tag","embeddable":true,"href":"https:\/\/k-beautyci.com\/fr\/wp-json\/wp\/v2\/product_tag?post=7725"}],"curies":[{"name":"wp","href":"https:\/\/api.w.org\/{rel}","templated":true}]}}