{"id":7721,"date":"2025-04-25T00:22:15","date_gmt":"2025-04-25T00:22:15","guid":{"rendered":"https:\/\/k-beautyci.com\/?post_type=product&#038;p=7721"},"modified":"2025-09-09T19:13:14","modified_gmt":"2025-09-09T19:13:14","slug":"medicube-pdrn-lip-sleeping-mask","status":"publish","type":"product","link":"https:\/\/k-beautyci.com\/fr\/produit\/medicube-pdrn-lip-sleeping-mask\/","title":{"rendered":"medicube  PDRN Lip Sleeping Mask"},"content":{"rendered":"<p><b>Comment l'utiliser :<\/b><\/p>\n<p>Appliquer une quantit\u00e9 mod\u00e9r\u00e9e tous les jours et toute la nuit.<\/p>\n<p>Avertissement : Pour usage externe uniquement. Toujours effectuer un test \u00e9picutan\u00e9. Cessez d'utiliser le produit si vous ressentez une quelconque g\u00eane. Suivre les instructions suppl\u00e9mentaires figurant sur l'emballage. Les r\u00e9sultats individuels peuvent varier.<\/p>","protected":false},"excerpt":{"rendered":"<p>Obtenez des l\u00e8vres douces et pulpeuses gr\u00e2ce au masque de nuit doublement fondant de Medicube. Ce masque de nuit est un traitement intensif qui transforme radicalement l\u2019apparence de vos l\u00e8vres pendant votre sommeil, offrant une r\u00e9g\u00e9n\u00e9ration visible d\u00e8s la premi\u00e8re application. Gr\u00e2ce \u00e0 l\u2019actif r\u00e9volutionnaire PDRN, extrait directement de l\u2019ADN de saumon, ce masque pour les l\u00e8vres active les processus de r\u00e9g\u00e9n\u00e9ration en profondeur, r\u00e9parant les fissures et restaurant l\u2019\u00e9lasticit\u00e9 en un temps record. Avec sa combinaison pr\u00e9cise d\u2019acide hyaluronique et de glyc\u00e9rine, il garantit que vos l\u00e8vres restent hydrat\u00e9es et douces toute la nuit. L\u2019extrait de curcuma, un puissant antioxydant naturel, prot\u00e8ge contre les dommages environnementaux et pr\u00e9vient le vieillissement pr\u00e9matur\u00e9 de la peau d\u00e9licate des l\u00e8vres.<\/p>","protected":false},"featured_media":7724,"comment_status":"open","ping_status":"closed","template":"","meta":{"om_disable_all_campaigns":false},"product_brand":[],"product_cat":[65,215,238],"product_tag":[],"class_list":{"0":"post-7721","1":"product","2":"type-product","3":"status-publish","4":"has-post-thumbnail","6":"product_cat-lip-care","7":"product_cat-medicube","8":"product_cat-pdrn","10":"first","11":"outofstock","12":"shipping-taxable","13":"purchasable","14":"product-type-simple"},"aioseo_notices":[],"jetpack_sharing_enabled":true,"_links":{"self":[{"href":"https:\/\/k-beautyci.com\/fr\/wp-json\/wp\/v2\/product\/7721","targetHints":{"allow":["GET"]}}],"collection":[{"href":"https:\/\/k-beautyci.com\/fr\/wp-json\/wp\/v2\/product"}],"about":[{"href":"https:\/\/k-beautyci.com\/fr\/wp-json\/wp\/v2\/types\/product"}],"replies":[{"embeddable":true,"href":"https:\/\/k-beautyci.com\/fr\/wp-json\/wp\/v2\/comments?post=7721"}],"wp:featuredmedia":[{"embeddable":true,"href":"https:\/\/k-beautyci.com\/fr\/wp-json\/wp\/v2\/media\/7724"}],"wp:attachment":[{"href":"https:\/\/k-beautyci.com\/fr\/wp-json\/wp\/v2\/media?parent=7721"}],"wp:term":[{"taxonomy":"product_brand","embeddable":true,"href":"https:\/\/k-beautyci.com\/fr\/wp-json\/wp\/v2\/product_brand?post=7721"},{"taxonomy":"product_cat","embeddable":true,"href":"https:\/\/k-beautyci.com\/fr\/wp-json\/wp\/v2\/product_cat?post=7721"},{"taxonomy":"product_tag","embeddable":true,"href":"https:\/\/k-beautyci.com\/fr\/wp-json\/wp\/v2\/product_tag?post=7721"}],"curies":[{"name":"wp","href":"https:\/\/api.w.org\/{rel}","templated":true}]}}