{"id":7714,"date":"2025-04-25T00:18:12","date_gmt":"2025-04-25T00:18:12","guid":{"rendered":"https:\/\/k-beautyci.com\/?post_type=product&#038;p=7714"},"modified":"2026-04-15T23:43:15","modified_gmt":"2026-04-15T23:43:15","slug":"medicube-txa-niacinamide-15-serum","status":"publish","type":"product","link":"https:\/\/k-beautyci.com\/fr\/produit\/medicube-txa-niacinamide-15-serum\/","title":{"rendered":"medicube TXA Niacinamide 15 Serum"},"content":{"rendered":"<p><b>Comment l'utiliser :<\/b><\/p>\n<p>Appliquer une quantit\u00e9 g\u00e9n\u00e9reuse sur la zone souhait\u00e9e, apr\u00e8s avoir appliqu\u00e9 le toner.<\/p>\n<p>Avertissement : Pour usage externe uniquement. Toujours effectuer un test \u00e9picutan\u00e9. Cessez d'utiliser le produit si vous ressentez une quelconque g\u00eane. Suivre les instructions suppl\u00e9mentaires figurant sur l'emballage. Les r\u00e9sultats individuels peuvent varier.<\/p>","protected":false},"excerpt":{"rendered":"<p>Formul\u00e9 avec de l'acide tranexamique, du niacinamide et de l'arbutine, ce s\u00e9rum \u00e9claircit le teint in\u00e9gal et les taches brunes tout en affinant la texture de la peau. La formule l\u00e9g\u00e8re et non collante p\u00e9n\u00e8tre rapidement dans la peau pour un fini clair et frais.<\/p>","protected":false},"featured_media":7720,"comment_status":"open","ping_status":"closed","template":"","meta":{"om_disable_all_campaigns":false},"product_brand":[],"product_cat":[52,31,215],"product_tag":[],"class_list":{"0":"post-7714","1":"product","2":"type-product","3":"status-publish","4":"has-post-thumbnail","6":"product_cat-dark-spots","7":"product_cat-face-serums","8":"product_cat-medicube","10":"first","11":"instock","12":"shipping-taxable","13":"purchasable","14":"product-type-simple"},"aioseo_notices":[],"jetpack_sharing_enabled":true,"_links":{"self":[{"href":"https:\/\/k-beautyci.com\/fr\/wp-json\/wp\/v2\/product\/7714","targetHints":{"allow":["GET"]}}],"collection":[{"href":"https:\/\/k-beautyci.com\/fr\/wp-json\/wp\/v2\/product"}],"about":[{"href":"https:\/\/k-beautyci.com\/fr\/wp-json\/wp\/v2\/types\/product"}],"replies":[{"embeddable":true,"href":"https:\/\/k-beautyci.com\/fr\/wp-json\/wp\/v2\/comments?post=7714"}],"wp:featuredmedia":[{"embeddable":true,"href":"https:\/\/k-beautyci.com\/fr\/wp-json\/wp\/v2\/media\/7720"}],"wp:attachment":[{"href":"https:\/\/k-beautyci.com\/fr\/wp-json\/wp\/v2\/media?parent=7714"}],"wp:term":[{"taxonomy":"product_brand","embeddable":true,"href":"https:\/\/k-beautyci.com\/fr\/wp-json\/wp\/v2\/product_brand?post=7714"},{"taxonomy":"product_cat","embeddable":true,"href":"https:\/\/k-beautyci.com\/fr\/wp-json\/wp\/v2\/product_cat?post=7714"},{"taxonomy":"product_tag","embeddable":true,"href":"https:\/\/k-beautyci.com\/fr\/wp-json\/wp\/v2\/product_tag?post=7714"}],"curies":[{"name":"wp","href":"https:\/\/api.w.org\/{rel}","templated":true}]}}