{"id":7709,"date":"2025-04-25T00:20:36","date_gmt":"2025-04-25T00:20:36","guid":{"rendered":"https:\/\/k-beautyci.com\/?post_type=product&#038;p=7709"},"modified":"2026-04-09T12:53:37","modified_gmt":"2026-04-09T12:53:37","slug":"medicube-pdrn-pink-one-day-serum-set","status":"publish","type":"product","link":"https:\/\/k-beautyci.com\/fr\/produit\/medicube-pdrn-pink-one-day-serum-set\/","title":{"rendered":"medicube  PDRN Pink One Day Serum Set"},"content":{"rendered":"<p><b>Comment l'utiliser :<\/b><br \/>\n1. Ouvrez le s\u00e9rum en tournant le bouchon et appliquez-le sur le visage apr\u00e8s le tonique.<br \/>\n2. S'il reste un montant, veuillez l'utiliser dans la journ\u00e9e.<\/p>\n<p>Avertissement : Pour usage externe uniquement. Toujours effectuer un test \u00e9picutan\u00e9. Cessez d'utiliser le produit si vous ressentez une quelconque g\u00eane. Suivre les instructions suppl\u00e9mentaires figurant sur l'emballage. Les r\u00e9sultats individuels peuvent varier.<\/p>\n<p>1.5ml x 10<\/p>","protected":false},"excerpt":{"rendered":"<p>Contenant 99 % de PDRN et de collag\u00e8ne de saumon, cette puissante ampoule anti-\u00e2ge restaure l'\u00e9lasticit\u00e9 de la peau et favorise la r\u00e9g\u00e9n\u00e9ration des cellules cutan\u00e9es. Le niacinamide et les sept types d'acide hyaluronique contenus dans la formule apportent des b\u00e9n\u00e9fices en termes d'\u00e9clat et d'hydratation. Test\u00e9e dermatologiquement pour convenir aux peaux sensibles. Le coffret contient dix capsules individuelles.<\/p>","protected":false},"featured_media":7713,"comment_status":"open","ping_status":"closed","template":"","meta":{"om_disable_all_campaigns":false},"product_brand":[],"product_cat":[57,31,33,215,238],"product_tag":[],"class_list":{"0":"post-7709","1":"product","2":"type-product","3":"status-publish","4":"has-post-thumbnail","6":"product_cat-anti-aging","7":"product_cat-face-serums","8":"product_cat-face-treatments","9":"product_cat-medicube","10":"product_cat-pdrn","12":"first","13":"instock","14":"shipping-taxable","15":"purchasable","16":"product-type-simple"},"aioseo_notices":[],"jetpack_sharing_enabled":true,"_links":{"self":[{"href":"https:\/\/k-beautyci.com\/fr\/wp-json\/wp\/v2\/product\/7709","targetHints":{"allow":["GET"]}}],"collection":[{"href":"https:\/\/k-beautyci.com\/fr\/wp-json\/wp\/v2\/product"}],"about":[{"href":"https:\/\/k-beautyci.com\/fr\/wp-json\/wp\/v2\/types\/product"}],"replies":[{"embeddable":true,"href":"https:\/\/k-beautyci.com\/fr\/wp-json\/wp\/v2\/comments?post=7709"}],"wp:featuredmedia":[{"embeddable":true,"href":"https:\/\/k-beautyci.com\/fr\/wp-json\/wp\/v2\/media\/7713"}],"wp:attachment":[{"href":"https:\/\/k-beautyci.com\/fr\/wp-json\/wp\/v2\/media?parent=7709"}],"wp:term":[{"taxonomy":"product_brand","embeddable":true,"href":"https:\/\/k-beautyci.com\/fr\/wp-json\/wp\/v2\/product_brand?post=7709"},{"taxonomy":"product_cat","embeddable":true,"href":"https:\/\/k-beautyci.com\/fr\/wp-json\/wp\/v2\/product_cat?post=7709"},{"taxonomy":"product_tag","embeddable":true,"href":"https:\/\/k-beautyci.com\/fr\/wp-json\/wp\/v2\/product_tag?post=7709"}],"curies":[{"name":"wp","href":"https:\/\/api.w.org\/{rel}","templated":true}]}}