{"id":7704,"date":"2025-04-25T00:24:30","date_gmt":"2025-04-25T00:24:30","guid":{"rendered":"https:\/\/k-beautyci.com\/?post_type=product&#038;p=7704"},"modified":"2026-02-03T16:00:10","modified_gmt":"2026-02-03T16:00:10","slug":"medicube-deep-lifting-peptide-eye-cream-for-face","status":"publish","type":"product","link":"https:\/\/k-beautyci.com\/fr\/produit\/medicube-deep-lifting-peptide-eye-cream-for-face\/","title":{"rendered":"medicube Deep Lifting Peptide Eye Cream For Face"},"content":{"rendered":"<p><b>Comment l'utiliser :<\/b><br \/>\n1. Lors de la derni\u00e8re \u00e9tape du soin de la peau, appliquer une quantit\u00e9 mod\u00e9r\u00e9e sur les zones souhait\u00e9es et tamponner d\u00e9licatement pour absorber.<\/p>\n<p>2. Ou appliquer sur l'ensemble du visage et tamponner d\u00e9licatement pour favoriser l'absorption.<\/p>\n<p>Avertissement : Pour usage externe uniquement. Toujours effectuer un test \u00e9picutan\u00e9. Cessez d'utiliser le produit si vous ressentez une quelconque g\u00eane. Suivre les instructions suppl\u00e9mentaires figurant sur l'emballage. Les r\u00e9sultats individuels peuvent varier.<\/p>","protected":false},"excerpt":{"rendered":"<p>Exploitant le pouvoir raffermissant des peptides, cette cr\u00e8me nourrissante pour les yeux s'attaque aux signes de l'\u00e2ge tels que les rides et ridules. Renforc\u00e9e par sept types d'acide hyaluronique, la cr\u00e8me pour les yeux est rapidement absorb\u00e9e et aide la peau \u00e0 conserver son hydratation. La cr\u00e8me pour les yeux peut \u00eatre appliqu\u00e9e sur l'ensemble du visage. Convient aux peaux sensibles.<\/p>","protected":false},"featured_media":7708,"comment_status":"open","ping_status":"closed","template":"","meta":{"om_disable_all_campaigns":false},"product_brand":[],"product_cat":[57,38,215],"product_tag":[],"class_list":{"0":"post-7704","1":"product","2":"type-product","3":"status-publish","4":"has-post-thumbnail","6":"product_cat-anti-aging","7":"product_cat-eye-care","8":"product_cat-medicube","10":"first","11":"instock","12":"shipping-taxable","13":"purchasable","14":"product-type-simple"},"aioseo_notices":[],"jetpack_sharing_enabled":true,"_links":{"self":[{"href":"https:\/\/k-beautyci.com\/fr\/wp-json\/wp\/v2\/product\/7704","targetHints":{"allow":["GET"]}}],"collection":[{"href":"https:\/\/k-beautyci.com\/fr\/wp-json\/wp\/v2\/product"}],"about":[{"href":"https:\/\/k-beautyci.com\/fr\/wp-json\/wp\/v2\/types\/product"}],"replies":[{"embeddable":true,"href":"https:\/\/k-beautyci.com\/fr\/wp-json\/wp\/v2\/comments?post=7704"}],"wp:featuredmedia":[{"embeddable":true,"href":"https:\/\/k-beautyci.com\/fr\/wp-json\/wp\/v2\/media\/7708"}],"wp:attachment":[{"href":"https:\/\/k-beautyci.com\/fr\/wp-json\/wp\/v2\/media?parent=7704"}],"wp:term":[{"taxonomy":"product_brand","embeddable":true,"href":"https:\/\/k-beautyci.com\/fr\/wp-json\/wp\/v2\/product_brand?post=7704"},{"taxonomy":"product_cat","embeddable":true,"href":"https:\/\/k-beautyci.com\/fr\/wp-json\/wp\/v2\/product_cat?post=7704"},{"taxonomy":"product_tag","embeddable":true,"href":"https:\/\/k-beautyci.com\/fr\/wp-json\/wp\/v2\/product_tag?post=7704"}],"curies":[{"name":"wp","href":"https:\/\/api.w.org\/{rel}","templated":true}]}}