{"id":7696,"date":"2025-04-25T00:23:40","date_gmt":"2025-04-25T00:23:40","guid":{"rendered":"https:\/\/k-beautyci.com\/?post_type=product&#038;p=7696"},"modified":"2025-10-10T03:11:00","modified_gmt":"2025-10-10T03:11:00","slug":"medicube-deep-vita-a-retinol-serum","status":"publish","type":"product","link":"https:\/\/k-beautyci.com\/fr\/produit\/medicube-deep-vita-a-retinol-serum\/","title":{"rendered":"medicube Deep Vita A Retinol Serum"},"content":{"rendered":"<p><b>Comment l'utiliser :<\/b><br \/>\n1. Appliquer une fois tous les deux jours la taille d'un petit pois sur la zone des rides, des taches de rousseur et des imperfections, \u00e0 l'\u00e9tape du s\u00e9rum de la routine de soins nocturnes.<\/p>\n<p>2. Apr\u00e8s deux semaines d'utilisation, augmentez progressivement la quantit\u00e9 utilis\u00e9e et appliquez-la en fine couche sur l'ensemble du visage tous les soirs.<\/p>\n<div class=\"description-item active\">\n<div class=\"body\">\n<p>Avertissement : Pour usage externe uniquement. Toujours effectuer un test \u00e9picutan\u00e9. Cessez d'utiliser le produit si vous ressentez une quelconque g\u00eane. Suivre les instructions suppl\u00e9mentaires figurant sur l'emballage. Les r\u00e9sultats individuels peuvent varier.<\/p>\n<\/div>\n<\/div>\n<div class=\"description-item\">\n<h2 class=\"title\"><\/h2>\n<\/div>","protected":false},"excerpt":{"rendered":"<p>Combattez les signes visibles du vieillissement avec ce puissant s\u00e9rum ancr\u00e9 dans sept couches de r\u00e9tinol pour stimuler les niveaux de collag\u00e8ne de la peau tout en l'\u00e9claircissant et en l'hydratant. La formule est enrichie en niacinamide pour \u00e9claircir les taches brunes, en squalane pour r\u00e9parer les dommages cutan\u00e9s et en panth\u00e9nol pour pr\u00e9server la r\u00e9sistance de la peau. Pour des r\u00e9sultats optimaux, introduisez progressivement le s\u00e9rum dans votre routine de soins nocturnes, en veillant \u00e0 n'appliquer qu'une quantit\u00e9 de la taille d'un petit pois \u00e0 chaque fois.<\/p>","protected":false},"featured_media":7703,"comment_status":"open","ping_status":"closed","template":"","meta":{"om_disable_all_campaigns":false},"product_brand":[],"product_cat":[57,31,215,68],"product_tag":[],"class_list":{"0":"post-7696","1":"product","2":"type-product","3":"status-publish","4":"has-post-thumbnail","6":"product_cat-anti-aging","7":"product_cat-face-serums","8":"product_cat-medicube","9":"product_cat-retinol","11":"first","12":"instock","13":"shipping-taxable","14":"purchasable","15":"product-type-simple"},"aioseo_notices":[],"jetpack_sharing_enabled":true,"_links":{"self":[{"href":"https:\/\/k-beautyci.com\/fr\/wp-json\/wp\/v2\/product\/7696","targetHints":{"allow":["GET"]}}],"collection":[{"href":"https:\/\/k-beautyci.com\/fr\/wp-json\/wp\/v2\/product"}],"about":[{"href":"https:\/\/k-beautyci.com\/fr\/wp-json\/wp\/v2\/types\/product"}],"replies":[{"embeddable":true,"href":"https:\/\/k-beautyci.com\/fr\/wp-json\/wp\/v2\/comments?post=7696"}],"wp:featuredmedia":[{"embeddable":true,"href":"https:\/\/k-beautyci.com\/fr\/wp-json\/wp\/v2\/media\/7703"}],"wp:attachment":[{"href":"https:\/\/k-beautyci.com\/fr\/wp-json\/wp\/v2\/media?parent=7696"}],"wp:term":[{"taxonomy":"product_brand","embeddable":true,"href":"https:\/\/k-beautyci.com\/fr\/wp-json\/wp\/v2\/product_brand?post=7696"},{"taxonomy":"product_cat","embeddable":true,"href":"https:\/\/k-beautyci.com\/fr\/wp-json\/wp\/v2\/product_cat?post=7696"},{"taxonomy":"product_tag","embeddable":true,"href":"https:\/\/k-beautyci.com\/fr\/wp-json\/wp\/v2\/product_tag?post=7696"}],"curies":[{"name":"wp","href":"https:\/\/api.w.org\/{rel}","templated":true}]}}