{"id":7689,"date":"2025-04-25T00:42:12","date_gmt":"2025-04-25T00:42:12","guid":{"rendered":"https:\/\/k-beautyci.com\/?post_type=product&#038;p=7689"},"modified":"2026-02-14T19:02:20","modified_gmt":"2026-02-14T19:02:20","slug":"medicube-deep-vita-c-pad","status":"publish","type":"product","link":"https:\/\/k-beautyci.com\/fr\/produit\/medicube-deep-vita-c-pad\/","title":{"rendered":"medicube Deep Vita C Pad"},"content":{"rendered":"<p><b>Comment l'utiliser :<\/b><br \/>\n1. Utiliser le c\u00f4t\u00e9 gaufr\u00e9 pour essuyer d\u00e9licatement le visage de l'int\u00e9rieur vers l'ext\u00e9rieur, le long de la texture de la peau, afin d'obtenir un effet exfoliant.<\/p>\n<p>2. Retourner le tampon et utiliser le c\u00f4t\u00e9 soyeux pour polir et tamponner d\u00e9licatement le reste de l'essence sur le visage pour offrir un effet hydratant.<\/p>\n<p>3. Vous pouvez \u00e9galement placer le tampon sur la zone souhait\u00e9e et le laisser agir pendant 5 \u00e0 10 minutes pour obtenir un masque rapide \u00e0 base d'essence.<\/p>\n<p>Avertissement : Pour usage externe uniquement. Toujours effectuer un test \u00e9picutan\u00e9. Cessez d'utiliser le produit si vous ressentez une quelconque g\u00eane. Suivre les instructions suppl\u00e9mentaires figurant sur l'emballage. Les r\u00e9sultats individuels peuvent varier.<\/p>","protected":false},"excerpt":{"rendered":"<p>Ces tampons toniques v\u00e9g\u00e9taliens infus\u00e9s de 500 000 ppm d'extrait d'argousier pour \u00e9claircir et unifier le teint donnent un coup de fouet \u00e0 la peau terne. D'autres agents \u00e9claircissants tels que le niacinamide et l'extrait de zeste de citron aident \u00e0 estomper les taches brunes et les imperfections. Les tampons toniques \u00e0 double face exfolient \u00e9galement les impuret\u00e9s et les cellules mortes de la peau pour une apparence plus lisse.<\/p>","protected":false},"featured_media":7694,"comment_status":"open","ping_status":"closed","template":"","meta":{"om_disable_all_campaigns":false},"product_brand":[],"product_cat":[52,39,215,74,224,72],"product_tag":[],"class_list":{"0":"post-7689","1":"product","2":"type-product","3":"status-publish","4":"has-post-thumbnail","6":"product_cat-dark-spots","7":"product_cat-face-toners","8":"product_cat-medicube","9":"product_cat-niacinamide","10":"product_cat-toner-pads","11":"product_cat-vitamin-c","13":"first","14":"outofstock","15":"shipping-taxable","16":"purchasable","17":"product-type-simple"},"aioseo_notices":[],"jetpack_sharing_enabled":true,"_links":{"self":[{"href":"https:\/\/k-beautyci.com\/fr\/wp-json\/wp\/v2\/product\/7689","targetHints":{"allow":["GET"]}}],"collection":[{"href":"https:\/\/k-beautyci.com\/fr\/wp-json\/wp\/v2\/product"}],"about":[{"href":"https:\/\/k-beautyci.com\/fr\/wp-json\/wp\/v2\/types\/product"}],"replies":[{"embeddable":true,"href":"https:\/\/k-beautyci.com\/fr\/wp-json\/wp\/v2\/comments?post=7689"}],"wp:featuredmedia":[{"embeddable":true,"href":"https:\/\/k-beautyci.com\/fr\/wp-json\/wp\/v2\/media\/7694"}],"wp:attachment":[{"href":"https:\/\/k-beautyci.com\/fr\/wp-json\/wp\/v2\/media?parent=7689"}],"wp:term":[{"taxonomy":"product_brand","embeddable":true,"href":"https:\/\/k-beautyci.com\/fr\/wp-json\/wp\/v2\/product_brand?post=7689"},{"taxonomy":"product_cat","embeddable":true,"href":"https:\/\/k-beautyci.com\/fr\/wp-json\/wp\/v2\/product_cat?post=7689"},{"taxonomy":"product_tag","embeddable":true,"href":"https:\/\/k-beautyci.com\/fr\/wp-json\/wp\/v2\/product_tag?post=7689"}],"curies":[{"name":"wp","href":"https:\/\/api.w.org\/{rel}","templated":true}]}}