{"id":7656,"date":"2025-04-15T00:32:05","date_gmt":"2025-04-15T00:32:05","guid":{"rendered":"https:\/\/k-beautyci.com\/?post_type=product&#038;p=7656"},"modified":"2025-11-09T21:29:30","modified_gmt":"2025-11-09T21:29:30","slug":"klairs-all-day-airy-sunscreen","status":"publish","type":"product","link":"https:\/\/k-beautyci.com\/fr\/produit\/klairs-all-day-airy-sunscreen\/","title":{"rendered":"Klairs All-day Airy Sunscreen"},"content":{"rendered":"<p>Comment l'utiliser :<\/p>\n<p>Appliquez uniform\u00e9ment une quantit\u00e9 suffisante lors de la derni\u00e8re \u00e9tape de votre routine de soins de la peau sur les zones expos\u00e9es aux rayons UV.<\/p>\n<p>Avertissement : Pour usage externe uniquement. Toujours effectuer un test \u00e9picutan\u00e9. Cessez d'utiliser le produit si vous ressentez une quelconque g\u00eane. Suivre les instructions suppl\u00e9mentaires figurant sur l'emballage. Les r\u00e9sultats individuels peuvent varier.<\/p>","protected":false},"excerpt":{"rendered":"<p>Cette cr\u00e8me solaire biologique utilise des filtres chimiques pour offrir une protection solaire SPF 50+ PA++++ sans laisser de traces blanches. La formule v\u00e9g\u00e9talienne contient des extraits de pourpier et de gingembre pour des effets apaisants et hydratants. La texture gel l\u00e9g\u00e8re est rapidement absorb\u00e9e par la peau pour un fini mat naturel.<\/p>\n<p>Exp- 10\/2025<\/p>","protected":false},"featured_media":7661,"comment_status":"open","ping_status":"closed","template":"","meta":{"om_disable_all_campaigns":false},"product_brand":[],"product_cat":[177,77,75],"product_tag":[],"class_list":{"0":"post-7656","1":"product","2":"type-product","3":"status-publish","4":"has-post-thumbnail","6":"product_cat-klairs","7":"product_cat-spf-50","8":"product_cat-sunscreens","10":"first","11":"outofstock","12":"sale","13":"shipping-taxable","14":"purchasable","15":"product-type-simple"},"aioseo_notices":[],"jetpack_sharing_enabled":true,"_links":{"self":[{"href":"https:\/\/k-beautyci.com\/fr\/wp-json\/wp\/v2\/product\/7656","targetHints":{"allow":["GET"]}}],"collection":[{"href":"https:\/\/k-beautyci.com\/fr\/wp-json\/wp\/v2\/product"}],"about":[{"href":"https:\/\/k-beautyci.com\/fr\/wp-json\/wp\/v2\/types\/product"}],"replies":[{"embeddable":true,"href":"https:\/\/k-beautyci.com\/fr\/wp-json\/wp\/v2\/comments?post=7656"}],"wp:featuredmedia":[{"embeddable":true,"href":"https:\/\/k-beautyci.com\/fr\/wp-json\/wp\/v2\/media\/7661"}],"wp:attachment":[{"href":"https:\/\/k-beautyci.com\/fr\/wp-json\/wp\/v2\/media?parent=7656"}],"wp:term":[{"taxonomy":"product_brand","embeddable":true,"href":"https:\/\/k-beautyci.com\/fr\/wp-json\/wp\/v2\/product_brand?post=7656"},{"taxonomy":"product_cat","embeddable":true,"href":"https:\/\/k-beautyci.com\/fr\/wp-json\/wp\/v2\/product_cat?post=7656"},{"taxonomy":"product_tag","embeddable":true,"href":"https:\/\/k-beautyci.com\/fr\/wp-json\/wp\/v2\/product_tag?post=7656"}],"curies":[{"name":"wp","href":"https:\/\/api.w.org\/{rel}","templated":true}]}}