{"id":7650,"date":"2025-04-15T00:23:47","date_gmt":"2025-04-15T00:23:47","guid":{"rendered":"https:\/\/k-beautyci.com\/?post_type=product&#038;p=7650"},"modified":"2026-02-06T21:23:11","modified_gmt":"2026-02-06T21:23:11","slug":"la-roche-posay-toleriane-dermallergo-eye-cream-20ml","status":"publish","type":"product","link":"https:\/\/k-beautyci.com\/fr\/produit\/la-roche-posay-toleriane-dermallergo-eye-cream-20ml\/","title":{"rendered":"La Roche-Posay Toleriane Dermallergo Eye Cream 20ml"},"content":{"rendered":"<p>Comment l'utiliser :<\/p>\n<p>Apr\u00e8s le nettoyage, appliquer une petite quantit\u00e9 de produit sur le bout de l'annulaire.<\/p>\n<p>Tamponner d\u00e9licatement le contour des yeux et les paupi\u00e8res s\u00e8ches.<\/p>\n<p>R\u00e9p\u00e9ter l'application matin et\/ou soir.<\/p>\n<p>Avertissement : Pour usage externe uniquement. Toujours effectuer un test \u00e9picutan\u00e9. Cessez d'utiliser le produit si vous ressentez une quelconque g\u00eane. Suivre les instructions suppl\u00e9mentaires figurant sur l'emballage. Les r\u00e9sultats individuels peuvent varier.<\/p>","protected":false},"excerpt":{"rendered":"<p>Toleriane Dermallergo Yeux est une cr\u00e8me contour des yeux quotidienne pour peau sensible, allergique ou \u00e0 tendance \u00e0 l'ecz\u00e9ma.\nId\u00e9ale pour le contour des yeux sec et irrit\u00e9, sa formule associe le complexe brevet\u00e9 Neurosensine + Niacinamide, actifs apaisants anti-irritations \u00e0 une nouvelle fraction unique de probiotique Sphingobioma, qui renforce les d\u00e9fenses naturelles de la peau.\nCette cr\u00e8me pour les yeux r\u00e9duit la s\u00e9cheresse cutan\u00e9e et les poches, apaise instantan\u00e9ment, limite les rougeurs, r\u00e9pare la barri\u00e8re protectrice et hydrate durablement, pour un regard frais et lumineux.<\/p>\n<p>Cette cr\u00e8me r\u00e9confortante pour les yeux est formul\u00e9e sans ingr\u00e9dients susceptibles de provoquer des irritations ou des r\u00e9actions allergiques, tels que les conservateurs, les parab\u00e8nes, les parfums et l'alcool dess\u00e9chant. Son emballage herm\u00e9tique unique contient des valves anti-contamination qui emp\u00eachent l'air ou les contaminants de p\u00e9n\u00e9trer \u00e0 nouveau.<\/p>","protected":false},"featured_media":7655,"comment_status":"open","ping_status":"closed","template":"","meta":{"om_disable_all_campaigns":false},"product_brand":[],"product_cat":[38,135,74],"product_tag":[],"class_list":{"0":"post-7650","1":"product","2":"type-product","3":"status-publish","4":"has-post-thumbnail","6":"product_cat-eye-care","7":"product_cat-la-roche-posay","8":"product_cat-niacinamide","10":"first","11":"outofstock","12":"shipping-taxable","13":"purchasable","14":"product-type-simple"},"aioseo_notices":[],"jetpack_sharing_enabled":true,"_links":{"self":[{"href":"https:\/\/k-beautyci.com\/fr\/wp-json\/wp\/v2\/product\/7650","targetHints":{"allow":["GET"]}}],"collection":[{"href":"https:\/\/k-beautyci.com\/fr\/wp-json\/wp\/v2\/product"}],"about":[{"href":"https:\/\/k-beautyci.com\/fr\/wp-json\/wp\/v2\/types\/product"}],"replies":[{"embeddable":true,"href":"https:\/\/k-beautyci.com\/fr\/wp-json\/wp\/v2\/comments?post=7650"}],"wp:featuredmedia":[{"embeddable":true,"href":"https:\/\/k-beautyci.com\/fr\/wp-json\/wp\/v2\/media\/7655"}],"wp:attachment":[{"href":"https:\/\/k-beautyci.com\/fr\/wp-json\/wp\/v2\/media?parent=7650"}],"wp:term":[{"taxonomy":"product_brand","embeddable":true,"href":"https:\/\/k-beautyci.com\/fr\/wp-json\/wp\/v2\/product_brand?post=7650"},{"taxonomy":"product_cat","embeddable":true,"href":"https:\/\/k-beautyci.com\/fr\/wp-json\/wp\/v2\/product_cat?post=7650"},{"taxonomy":"product_tag","embeddable":true,"href":"https:\/\/k-beautyci.com\/fr\/wp-json\/wp\/v2\/product_tag?post=7650"}],"curies":[{"name":"wp","href":"https:\/\/api.w.org\/{rel}","templated":true}]}}